{"id":758,"date":"2024-04-22T06:41:30","date_gmt":"2024-04-22T04:41:30","guid":{"rendered":"https:\/\/malakodesign.hr\/privacy-policy\/"},"modified":"2024-11-11T12:16:03","modified_gmt":"2024-11-11T11:16:03","slug":"privacy-policy","status":"publish","type":"page","link":"https:\/\/malakodesign.hr\/en\/privacy-policy\/","title":{"rendered":"Privacy policy"},"content":{"rendered":"\t\t<div data-elementor-type=\"wp-page\" data-elementor-id=\"758\" class=\"elementor elementor-758 elementor-3\" data-elementor-post-type=\"page\">\n\t\t\t\t<div class=\"elementor-element elementor-element-5ecb6de elementor-hidden-tablet elementor-hidden-mobile e-flex e-con-boxed e-con e-parent\" data-id=\"5ecb6de\" data-element_type=\"container\" data-settings=\"{&quot;background_background&quot;:&quot;classic&quot;}\">\n\t\t\t\t\t<div class=\"e-con-inner\">\n\t\t\t\t<div class=\"elementor-element elementor-element-cb6d40d elementor-widget elementor-widget-spacer\" data-id=\"cb6d40d\" data-element_type=\"widget\" data-widget_type=\"spacer.default\">\n\t\t\t\t<div class=\"elementor-widget-container\">\n\t\t\t\t\t\t\t<div class=\"elementor-spacer\">\n\t\t\t<div class=\"elementor-spacer-inner\"><\/div>\n\t\t<\/div>\n\t\t\t\t\t\t<\/div>\n\t\t\t\t<\/div>\n\t\t\t\t\t<\/div>\n\t\t\t\t<\/div>\n\t\t<div class=\"elementor-element elementor-element-d28931d elementor-hidden-tablet elementor-hidden-mobile e-flex e-con-boxed e-con e-parent\" data-id=\"d28931d\" data-element_type=\"container\">\n\t\t\t\t\t<div class=\"e-con-inner\">\n\t\t\t\t\t<\/div>\n\t\t\t\t<\/div>\n\t\t<div class=\"elementor-element elementor-element-6e79fca elementor-hidden-desktop e-flex e-con-boxed e-con e-parent\" data-id=\"6e79fca\" data-element_type=\"container\" data-settings=\"{&quot;background_background&quot;:&quot;classic&quot;}\">\n\t\t\t\t\t<div class=\"e-con-inner\">\n\t\t\t\t\t<\/div>\n\t\t\t\t<\/div>\n\t\t<div class=\"elementor-element elementor-element-bab565c e-con-full e-flex e-con e-parent\" data-id=\"bab565c\" data-element_type=\"container\">\n\t\t\t\t<div class=\"elementor-element elementor-element-d3aa3f2 elementor-widget elementor-widget-text-editor\" data-id=\"d3aa3f2\" data-element_type=\"widget\" data-widget_type=\"text-editor.default\">\n\t\t\t\t<div class=\"elementor-widget-container\">\n\t\t\t\t\t\t\t\t\t<p>MALAKO DESIGN, obrt za ure\u0111enje interijera, vl. \u017dana Dadi\u0107, Ulica Domovinskog rata 2, 23000 Zadar u sklopu svoje djelatnosti prikuplja i obra\u0111uje dostavljene osobne podatke. Budu\u0107i da nam je za\u0161tita va\u0161e privatnosti prioritet, donijeli smo sljede\u0107a Pravila o privatnosti.<\/p>\n<p>Obrt MALAKO DESIGN se dr\u017ei sljede\u0107ih na\u010dela s ciljem za\u0161tite Va\u0161e privatnosti:<\/p>\n<p>\u2022 Ne prikupljamo vi\u0161e informacija nego \u0161to je potrebno.<br \/>\u2022 Va\u0161e podatke ne koristimo u svrhe koje nisu navedene.<br \/>\u2022Ne \u010duvamo Va\u0161e podatke, ako vi\u0161e nije potrebno.<br \/>\u2022 Nikada ne prodajemo, posu\u0111ujemo ili distribuiramo, a ni javno objavljujemo Va\u0161e osobne podatke.<br \/>\u2022 Va\u0161e podatke ne \u0161aljemo tre\u0107im stranama.<br \/>\u2022 Ne koristimo nikakvu automatiziranu obradu i dono\u0161enje odluka niti profiliranje.<br \/>\u2022 Va\u0161e osobne podatke ne prenosimo u tre\u0107u zemlju ili me\u0111unarodnu organizaciju.<br \/>\u2022 Va\u0161e podatke ne koristimo u svrhe koje nisu navedene.<br \/>\u2022 Tako\u0111er provjeravamo da su Va\u0161i podaci sigurno pohranjeni.<\/p>\n<p>Obrt MALAKO DESIGN prikuplja samo ograni\u010dene koli\u010dine informacija o Vama koje su nu\u017ene kako bismo odgovorili na Va\u0161 zahtjev.<\/p>\n<h2>Kako i koje Va\u0161e podatke prikupljamo?<\/h2>\n<p>Kada nas kontaktirate putem na\u0161eg web obrasca za kontakt ili izravno putem na\u0161e e-mail adrese, informacije koje ispunite (osobne informacije kao \u0161to su Va\u0161e ime, adresa e-po\u0161te, broj telefona, organizacija\/tvrtka), bit \u0107e obra\u0111ene i pohranjene kako bismo vas mogli kontaktirati i odgovoriti na Va\u0161 zahtjev. Ako ste mla\u0111i od 16 godina morate prilo\u017eiti suglasnost roditelja ili nositelja prije davanja osobnih podataka. Popunjavaju\u0107i obrasce za kontakt na na\u0161oj stranici ili nas kontaktiraju\u0107i izravno putem e-mail po\u0161te jam\u010dite da su informacije koje ste prilo\u017eili to\u010dne te da ste u cijelosti suglasni s odredbama na\u0161ih Pravila o privatnosti i u njima navedenim uvjetima.<\/p>\n<h2>Podaci o Voditelju obrade Va\u0161ih podataka<\/h2>\n<p>Voditelj obrade ove internetske stranice i Va\u0161ih osobnih podataka je \u017dana Dadi\u0107, vlasnica obrta MALAKO DESIGN, Ulica Domovinskog rata 2, 23000 Zadar.<\/p>\n<h2>Koja je svrha i pravna osnova za prikupljanje Va\u0161ih podataka?<\/h2>\n<p>Poduzimanje najprikladnijih aktivnosti na Va\u0161 zahtjev prije ulaska u bilo koji poslovni odnos, na temelju poslovnog djelovanja tvrtke i njenog legitimnog interesa.<\/p>\n<h2>Koliko \u0107e dugo biti pohranjeni Va\u0161i osobni podaci?<\/h2>\n<p>Sve dok imamo otvorenu komunikaciju, u svrhu uspostavljanja zajedni\u010dke poslovne suradnje kao i za vrijeme va\u017eenja na\u0161eg ugovornog odnosa.<\/p>\n<h2>Kako \u0107emo koristiti informacije o Vama?<\/h2>\n<p>Prikupljamo informacije o Vama da bismo Vas mogli kontaktirati i odgovoriti na Va\u0161 zahtjev. Va\u0161e osobne podatke koristimo u svrhu uspostavljanja na\u0161eg poslovnog odnosa, ali i za vrijeme va\u017eenja na\u0161eg ugovornog odnosa. Tijekom trajanja ugovornog odnosa Obrt MALAKO DESIGN \u0107e Vam slati obavijesti o novim proizvodima i uslugama za koje smatramo da bi Vam mogli biti od interesa, ako ste za isto dali privolu kod kontaktiranja na\u0161e tvrtke putem web obrasca. Privolu koju nam date za ovu svrhu mo\u017eete u svakom trenutku povu\u0107i te \u0107emo u tom slu\u010daju prestati s ovom obradom.<\/p>\n<h2>Google Analytics<\/h2>\n<p>Prilikom prikupljanja osobnih podataka, mogu\u0107a je pohrana odre\u0111enih podataka od strane platforme Google Analytics, a o kojoj ste detaljnije upoznati kroz Pravilima kori\u0161tenja kola\u010di\u0107a (Cookie policy). Za vi\u0161e podataka o pravilima privatnosti platforme Google Analytics, mo\u017eete se informirati putem sljede\u0107eg linka:\u00a0https:\/\/policies.google.com\/privacy<\/p>\n<h2>Informacijska sigurnost<\/h2>\n<p>Osigurali smo sigurnosne mjere u svrhu za\u0161tite osobnih podataka koje podijelite s nama. Va\u0161i osobni podaci za\u0161ti\u0107eni su od slu\u010dajnog ili nezakonitog uni\u0161tenja, gubitka, izmjene, neovla\u0161tenog otkrivanja ili pristupa osobnim podacima koji se prenose, pohranjuju ili se na drugi na\u010din obra\u0111uju.<\/p>\n<h2>O na\u0161em poslu\u017eitelju internetske stranice<\/h2>\n<p>Ova web stranica smje\u0161tena je kod globalno kod poznatog davatelja usluga u EU. Ova internetska stranica smje\u0161tena je kod globalno poznatog pru\u017eatelja usluga u Njema\u010dkoj i EU, za koje Europska komisija smatra da osiguravaju odgovaraju\u0107u razinu za\u0161tite osobnih podataka gra\u0111ana EU.<\/p>\n<h2>Kola\u010di\u0107i<\/h2>\n<p>Kako bismo olak\u0161ali pregledavanje na\u0161ih internetskih stranica, na\u0161 poslu\u017eitelj globalne mre\u017ee koristi kola\u010di\u0107e. Kola\u010di\u0107i se ne mogu koristiti za pokretanje programa ili postavljanje virusa na Va\u0161e ra\u010dunalo. Pregled na\u0161ih stranica mogu\u0107 je i bez uporabe kola\u010di\u0107a, ako je va\u0161 internetski preglednik tako postavljen.<\/p>\n<h2>Va\u0161a prava<\/h2>\n<p>Imate pravo na informacije o obradi Va\u0161ih osobnih podataka. Tako\u0111er, u bilo kojem trenutku mo\u017eete povu\u0107i privolu, zatra\u017eiti dopunu ili ispravak Va\u0161ih osobnih podataka kako bi uvijek bili to\u010dni. Na na\u0161u adresu elektronske po\u0161te i adresu obrta (OBRT MALAKO DESIGN, Ulica Domovinskog rata 2, 23000 Zadar), mo\u017eete, u bilo kojem trenutku, podnijeti zahtjev za brisanje Va\u0161ih osobnih podataka ili nadle\u017enom dr\u017eavnom tijelu.<\/p>\n<h2>Va\u0161a privola<\/h2>\n<p>Kori\u0161tenjem ove web stranice dajete privolu na ovu politiku privatnosti, tj. dajete izri\u010ditu privolu Obrtu MALAKO DESIGN da prikuplja i dalje obra\u0111uje va\u0161e osobne podatke, kao i sve druge podatke za koje sazna pru\u017eanjem svojih usluga sukladno zakonskim propisima, a sve u skladu s definiranom svrhom u ovim pravilima. Tako\u0111er potvr\u0111ujete da ste upoznati sa svim bitnim podacima o Obrtu MALAKO DESIGN i uslugama koje pru\u017ea.<\/p>\n<h2>Pravo na podno\u0161enje prigovora nadle\u017enom tijelu<\/h2>\n<p>U svakom trenutku mo\u017eete ulo\u017eiti \u017ealbu izravno nadle\u017enom nadzornom tijelu: Agenciji za za\u0161titu osobnih podataka (AZOP), Marti\u0107eva 14, Zagreb, kontakt: +385 (0)1 4609 999, a&#122;&#x6f;&#x70;&#x40;a&#122;&#111;&#x70;&#x2e;h&#114;, www.azop.hr.<\/p>\n<h2>Povreda osobnih podataka<\/h2>\n<p>O svakoj nezakonitoj povredi podataka izvijestiti \u0107emo AZOP kao nadle\u017eno tijelo za za\u0161titu podataka.<\/p>\n<h2>Promjene na\u0161ih pravila o privatnosti<\/h2>\n<p>U slu\u010daju promjena na\u0161ih pravila o privatnosti obavijestit \u0107emo Vas o tome na ovoj stranici i a\u017eurirati datum izmjene pravila o privatnosti dolje kako slijedi.<\/p>\n\t\t\t\t\t\t\t\t<\/div>\n\t\t\t\t<\/div>\n\t\t\t\t<\/div>\n\t\t\t\t<\/div>\n\t\t","protected":false},"excerpt":{"rendered":"<p>MALAKO DESIGN, obrt za ure\u0111enje interijera, vl. \u017dana Dadi\u0107, Ulica Domovinskog rata 2, 23000 Zadar u sklopu svoje djelatnosti prikuplja i obra\u0111uje dostavljene osobne podatke. Budu\u0107i da nam je za\u0161tita va\u0161e privatnosti prioritet, donijeli smo sljede\u0107a Pravila o privatnosti. Obrt MALAKO DESIGN se dr\u017ei sljede\u0107ih na\u010dela s ciljem za\u0161tite Va\u0161e privatnosti: \u2022 Ne prikupljamo vi\u0161e [&hellip;]<\/p>\n","protected":false},"author":1,"featured_media":0,"parent":0,"menu_order":1000,"comment_status":"closed","ping_status":"closed","template":"elementor_header_footer","meta":{"footnotes":""},"class_list":["post-758","page","type-page","status-publish","hentry"],"_links":{"self":[{"href":"https:\/\/malakodesign.hr\/en\/wp-json\/wp\/v2\/pages\/758","targetHints":{"allow":["GET"]}}],"collection":[{"href":"https:\/\/malakodesign.hr\/en\/wp-json\/wp\/v2\/pages"}],"about":[{"href":"https:\/\/malakodesign.hr\/en\/wp-json\/wp\/v2\/types\/page"}],"author":[{"embeddable":true,"href":"https:\/\/malakodesign.hr\/en\/wp-json\/wp\/v2\/users\/1"}],"replies":[{"embeddable":true,"href":"https:\/\/malakodesign.hr\/en\/wp-json\/wp\/v2\/comments?post=758"}],"version-history":[{"count":1,"href":"https:\/\/malakodesign.hr\/en\/wp-json\/wp\/v2\/pages\/758\/revisions"}],"predecessor-version":[{"id":759,"href":"https:\/\/malakodesign.hr\/en\/wp-json\/wp\/v2\/pages\/758\/revisions\/759"}],"wp:attachment":[{"href":"https:\/\/malakodesign.hr\/en\/wp-json\/wp\/v2\/media?parent=758"}],"curies":[{"name":"wp","href":"https:\/\/api.w.org\/{rel}","templated":true}]}}