{"id":647,"date":"2024-09-16T11:01:50","date_gmt":"2024-09-16T09:01:50","guid":{"rendered":"https:\/\/malakodesign.hr\/o-nama-u-medijima\/"},"modified":"2025-01-27T14:50:19","modified_gmt":"2025-01-27T13:50:19","slug":"o-nama-u-medijima","status":"publish","type":"page","link":"https:\/\/malakodesign.hr\/en\/o-nama-u-medijima\/","title":{"rendered":"Press"},"content":{"rendered":"\t\t<div data-elementor-type=\"wp-page\" data-elementor-id=\"647\" class=\"elementor elementor-647 elementor-237\" data-elementor-post-type=\"page\">\n\t\t\t\t<div class=\"elementor-element elementor-element-4bd6d46 e-flex e-con-boxed e-con e-parent\" data-id=\"4bd6d46\" data-element_type=\"container\">\n\t\t\t\t\t<div class=\"e-con-inner\">\n\t\t\t\t\t<\/div>\n\t\t\t\t<\/div>\n\t\t<div class=\"elementor-element elementor-element-189ff9d e-flex e-con-boxed e-con e-parent\" data-id=\"189ff9d\" data-element_type=\"container\">\n\t\t\t\t\t<div class=\"e-con-inner\">\n\t\t\t\t<div class=\"elementor-element elementor-element-b1d789c elementor-widget elementor-widget-jet-listing-grid\" data-id=\"b1d789c\" data-element_type=\"widget\" data-settings=\"{&quot;columns&quot;:3,&quot;columns_mobile&quot;:&quot;1&quot;}\" data-widget_type=\"jet-listing-grid.default\">\n\t\t\t\t<div class=\"elementor-widget-container\">\n\t\t\t\t\t<div class=\"jet-listing-grid jet-listing\"><div class=\"jet-listing-grid__items grid-col-desk-3 grid-col-tablet-3 grid-col-mobile-1 jet-listing-grid--239\" data-queried-id=\"647|WP_Post\" data-nav=\"{&quot;enabled&quot;:true,&quot;type&quot;:&quot;scroll&quot;,&quot;more_el&quot;:null,&quot;query&quot;:{&quot;post_status&quot;:[&quot;publish&quot;],&quot;post_type&quot;:&quot;o-nama-u-medijima&quot;,&quot;posts_per_page&quot;:&quot;6&quot;,&quot;paged&quot;:&quot;1&quot;,&quot;ignore_sticky_posts&quot;:&quot;1&quot;,&quot;signature&quot;:&quot;2e870d553627f004fcdb12812628ffd61b0e15bfeaeeed097782f2a60d8faced&quot;},&quot;widget_settings&quot;:{&quot;lisitng_id&quot;:239,&quot;posts_num&quot;:6,&quot;columns&quot;:3,&quot;columns_tablet&quot;:3,&quot;columns_mobile&quot;:1,&quot;column_min_width&quot;:240,&quot;column_min_width_tablet&quot;:240,&quot;column_min_width_mobile&quot;:240,&quot;inline_columns_css&quot;:false,&quot;is_archive_template&quot;:&quot;&quot;,&quot;post_status&quot;:[&quot;publish&quot;],&quot;use_random_posts_num&quot;:&quot;&quot;,&quot;max_posts_num&quot;:9,&quot;not_found_message&quot;:&quot;No data was found&quot;,&quot;is_masonry&quot;:false,&quot;equal_columns_height&quot;:&quot;&quot;,&quot;use_load_more&quot;:&quot;yes&quot;,&quot;load_more_id&quot;:&quot;&quot;,&quot;load_more_type&quot;:&quot;scroll&quot;,&quot;load_more_offset&quot;:{&quot;unit&quot;:&quot;px&quot;,&quot;size&quot;:0,&quot;sizes&quot;:[]},&quot;use_custom_post_types&quot;:&quot;&quot;,&quot;custom_post_types&quot;:[],&quot;hide_widget_if&quot;:&quot;&quot;,&quot;carousel_enabled&quot;:&quot;&quot;,&quot;slides_to_scroll&quot;:&quot;1&quot;,&quot;arrows&quot;:&quot;true&quot;,&quot;arrow_icon&quot;:&quot;fa fa-angle-left&quot;,&quot;dots&quot;:&quot;&quot;,&quot;autoplay&quot;:&quot;true&quot;,&quot;pause_on_hover&quot;:&quot;true&quot;,&quot;autoplay_speed&quot;:5000,&quot;infinite&quot;:&quot;true&quot;,&quot;center_mode&quot;:&quot;&quot;,&quot;effect&quot;:&quot;slide&quot;,&quot;speed&quot;:500,&quot;inject_alternative_items&quot;:&quot;&quot;,&quot;injection_items&quot;:[],&quot;scroll_slider_enabled&quot;:&quot;&quot;,&quot;scroll_slider_on&quot;:[&quot;desktop&quot;,&quot;tablet&quot;,&quot;mobile&quot;],&quot;custom_query&quot;:false,&quot;custom_query_id&quot;:&quot;&quot;,&quot;_element_id&quot;:&quot;&quot;,&quot;collapse_first_last_gap&quot;:false,&quot;list_tag_selection&quot;:&quot;&quot;,&quot;list_items_wrapper_tag&quot;:&quot;div&quot;,&quot;list_item_tag&quot;:&quot;div&quot;,&quot;empty_items_wrapper_tag&quot;:&quot;div&quot;}}\" data-page=\"1\" data-pages=\"1\" data-listing-source=\"posts\" data-listing-id=\"239\" data-query-id=\"\"><div class=\"jet-listing-grid__item jet-listing-dynamic-post-828\" data-post-id=\"828\"  >\t\t<div data-elementor-type=\"jet-listing-items\" data-elementor-id=\"239\" class=\"elementor elementor-239\" data-elementor-post-type=\"jet-engine\">\n\t\t\t\t<div class=\"elementor-element elementor-element-91203ec e-flex e-con-boxed e-con e-parent\" data-id=\"91203ec\" data-element_type=\"container\">\n\t\t\t\t\t<div class=\"e-con-inner\">\n\t\t\t\t<div class=\"elementor-element elementor-element-584b729 elementor-invisible elementor-widget elementor-widget-image\" data-id=\"584b729\" data-element_type=\"widget\" data-settings=\"{&quot;_animation&quot;:&quot;fadeInUp&quot;}\" data-widget_type=\"image.default\">\n\t\t\t\t<div class=\"elementor-widget-container\">\n\t\t\t\t\t\t\t\t\t\t\t\t\t\t\t\t<a href=\"https:\/\/www.bpevent.org\/post\/malako-interior-design-andrijevi%C4%87-art-in-stone\" target=\"_blank\">\n\t\t\t\t\t\t\t<img decoding=\"async\" src=\"https:\/\/malakodesign.hr\/wp-content\/uploads\/elementor\/thumbs\/50567d_6bbd8772408c4004a4196635852f631fmv2-r9kky3qv2geyptpvpl4yia43t6g0rikdj8gqe6gx08.avif\" title=\"50567d_6bbd8772408c4004a4196635852f631f~mv2\" alt=\"50567d_6bbd8772408c4004a4196635852f631f~mv2\" loading=\"lazy\" \/>\t\t\t\t\t\t\t\t<\/a>\n\t\t\t\t\t\t\t\t\t\t\t\t\t\t\t<\/div>\n\t\t\t\t<\/div>\n\t\t\t\t<div class=\"elementor-element elementor-element-1a18aba elementor-invisible elementor-widget elementor-widget-heading\" data-id=\"1a18aba\" data-element_type=\"widget\" data-settings=\"{&quot;_animation&quot;:&quot;fadeInUp&quot;,&quot;_animation_delay&quot;:300}\" data-widget_type=\"heading.default\">\n\t\t\t\t<div class=\"elementor-widget-container\">\n\t\t\t\t\t<div class=\"elementor-heading-title elementor-size-default\">31.07.2025.<\/div>\t\t\t\t<\/div>\n\t\t\t\t<\/div>\n\t\t\t\t<div class=\"elementor-element elementor-element-7fe5e8a elementor-invisible elementor-widget elementor-widget-heading\" data-id=\"7fe5e8a\" data-element_type=\"widget\" data-settings=\"{&quot;_animation&quot;:&quot;fadeInUp&quot;,&quot;_animation_delay&quot;:600}\" data-widget_type=\"heading.default\">\n\t\t\t\t<div class=\"elementor-widget-container\">\n\t\t\t\t\t<h2 class=\"elementor-heading-title elementor-size-default\"><a href=\"https:\/\/www.bpevent.org\/post\/malako-interior-design-andrijevi%C4%87-art-in-stone\" target=\"_blank\">Malako Interior Design &#038; Andrijevi\u0107 \u2013 Art in Stone<\/a><\/h2>\t\t\t\t<\/div>\n\t\t\t\t<\/div>\n\t\t\t\t<div class=\"elementor-element elementor-element-51e5a8c elementor-invisible elementor-widget elementor-widget-heading\" data-id=\"51e5a8c\" data-element_type=\"widget\" data-settings=\"{&quot;_animation&quot;:&quot;fadeInUp&quot;,&quot;_animation_delay&quot;:900}\" data-widget_type=\"heading.default\">\n\t\t\t\t<div class=\"elementor-widget-container\">\n\t\t\t\t\t<div class=\"elementor-heading-title elementor-size-default\"><a href=\"https:\/\/www.bpevent.org\/post\/malako-interior-design-andrijevi%C4%87-art-in-stone\" target=\"_blank\">vi\u0161e...<\/a><\/div>\t\t\t\t<\/div>\n\t\t\t\t<\/div>\n\t\t\t\t\t<\/div>\n\t\t\t\t<\/div>\n\t\t\t\t<\/div>\n\t\t<\/div><div class=\"jet-listing-grid__item jet-listing-dynamic-post-809\" data-post-id=\"809\"  >\t\t<div data-elementor-type=\"jet-listing-items\" data-elementor-id=\"239\" class=\"elementor elementor-239\" data-elementor-post-type=\"jet-engine\">\n\t\t\t\t<div class=\"elementor-element elementor-element-91203ec e-flex e-con-boxed e-con e-parent\" data-id=\"91203ec\" data-element_type=\"container\">\n\t\t\t\t\t<div class=\"e-con-inner\">\n\t\t\t\t<div class=\"elementor-element elementor-element-584b729 elementor-invisible elementor-widget elementor-widget-image\" data-id=\"584b729\" data-element_type=\"widget\" data-settings=\"{&quot;_animation&quot;:&quot;fadeInUp&quot;}\" data-widget_type=\"image.default\">\n\t\t\t\t<div class=\"elementor-widget-container\">\n\t\t\t\t\t\t\t\t\t\t\t\t\t\t\t\t<a href=\"https:\/\/www.noviradio.hr\/odusevili-na-medunarodnom-arhitektonskom-festivalu-dani-orisa-24-malako-i-andrijevic-pokrecu-suradnju-sa-svjetskim-brendovima\/\" target=\"_blank\">\n\t\t\t\t\t\t\t<img decoding=\"async\" src=\"https:\/\/malakodesign.hr\/wp-content\/uploads\/elementor\/thumbs\/Malako-i-Andrijevic-izlagali-su-uz-bok-svjetskim-brendovima-iz-asortiman-r24apumel8gfyzxcmgvg2pwc6b0sahjhek8n6x6594.jpg\" title=\"Malako-i-Andrijevic-izlagali-su-uz-bok-svjetskim-brendovima-iz-asortiman\" alt=\"Malako-i-Andrijevic-izlagali-su-uz-bok-svjetskim-brendovima-iz-asortiman\" loading=\"lazy\" \/>\t\t\t\t\t\t\t\t<\/a>\n\t\t\t\t\t\t\t\t\t\t\t\t\t\t\t<\/div>\n\t\t\t\t<\/div>\n\t\t\t\t<div class=\"elementor-element elementor-element-1a18aba elementor-invisible elementor-widget elementor-widget-heading\" data-id=\"1a18aba\" data-element_type=\"widget\" data-settings=\"{&quot;_animation&quot;:&quot;fadeInUp&quot;,&quot;_animation_delay&quot;:300}\" data-widget_type=\"heading.default\">\n\t\t\t\t<div class=\"elementor-widget-container\">\n\t\t\t\t\t<div class=\"elementor-heading-title elementor-size-default\">27.02.2025.<\/div>\t\t\t\t<\/div>\n\t\t\t\t<\/div>\n\t\t\t\t<div class=\"elementor-element elementor-element-7fe5e8a elementor-invisible elementor-widget elementor-widget-heading\" data-id=\"7fe5e8a\" data-element_type=\"widget\" data-settings=\"{&quot;_animation&quot;:&quot;fadeInUp&quot;,&quot;_animation_delay&quot;:600}\" data-widget_type=\"heading.default\">\n\t\t\t\t<div class=\"elementor-widget-container\">\n\t\t\t\t\t<h2 class=\"elementor-heading-title elementor-size-default\"><a href=\"https:\/\/www.noviradio.hr\/odusevili-na-medunarodnom-arhitektonskom-festivalu-dani-orisa-24-malako-i-andrijevic-pokrecu-suradnju-sa-svjetskim-brendovima\/\" target=\"_blank\">ODU\u0160EVILI NA ME\u0110UNARODNOM ARHITEKTONSKOM FESTIVALU DANI ORISA 24  Malako i Andrijevi\u0107 \u2013 pokre\u0107u suradnju sa svjetskim brendovima<\/a><\/h2>\t\t\t\t<\/div>\n\t\t\t\t<\/div>\n\t\t\t\t<div class=\"elementor-element elementor-element-51e5a8c elementor-invisible elementor-widget elementor-widget-heading\" data-id=\"51e5a8c\" data-element_type=\"widget\" data-settings=\"{&quot;_animation&quot;:&quot;fadeInUp&quot;,&quot;_animation_delay&quot;:900}\" data-widget_type=\"heading.default\">\n\t\t\t\t<div class=\"elementor-widget-container\">\n\t\t\t\t\t<div class=\"elementor-heading-title elementor-size-default\"><a href=\"https:\/\/www.noviradio.hr\/odusevili-na-medunarodnom-arhitektonskom-festivalu-dani-orisa-24-malako-i-andrijevic-pokrecu-suradnju-sa-svjetskim-brendovima\/\" target=\"_blank\">vi\u0161e...<\/a><\/div>\t\t\t\t<\/div>\n\t\t\t\t<\/div>\n\t\t\t\t\t<\/div>\n\t\t\t\t<\/div>\n\t\t\t\t<\/div>\n\t\t<\/div><div class=\"jet-listing-grid__item jet-listing-dynamic-post-798\" data-post-id=\"798\"  >\t\t<div data-elementor-type=\"jet-listing-items\" data-elementor-id=\"239\" class=\"elementor elementor-239\" data-elementor-post-type=\"jet-engine\">\n\t\t\t\t<div class=\"elementor-element elementor-element-91203ec e-flex e-con-boxed e-con e-parent\" data-id=\"91203ec\" data-element_type=\"container\">\n\t\t\t\t\t<div class=\"e-con-inner\">\n\t\t\t\t<div class=\"elementor-element elementor-element-584b729 elementor-invisible elementor-widget elementor-widget-image\" data-id=\"584b729\" data-element_type=\"widget\" data-settings=\"{&quot;_animation&quot;:&quot;fadeInUp&quot;}\" data-widget_type=\"image.default\">\n\t\t\t\t<div class=\"elementor-widget-container\">\n\t\t\t\t\t\t\t\t\t\t\t\t\t\t\t\t<a href=\"https:\/\/www.kalelargainfo.hr\/zadranka-zana-dadic-s-tvrtkom-malako-suradivat-ce-sa-svjetskim-brendovima\/\" target=\"_blank\">\n\t\t\t\t\t\t\t<img decoding=\"async\" src=\"https:\/\/malakodesign.hr\/wp-content\/uploads\/elementor\/thumbs\/zana-moric-r24ao3n7vc28d4gtu7nfxnsgdhn6yrlgtwj41driu0.jpg\" title=\"zana-moric\" alt=\"zana-moric\" loading=\"lazy\" \/>\t\t\t\t\t\t\t\t<\/a>\n\t\t\t\t\t\t\t\t\t\t\t\t\t\t\t<\/div>\n\t\t\t\t<\/div>\n\t\t\t\t<div class=\"elementor-element elementor-element-1a18aba elementor-invisible elementor-widget elementor-widget-heading\" data-id=\"1a18aba\" data-element_type=\"widget\" data-settings=\"{&quot;_animation&quot;:&quot;fadeInUp&quot;,&quot;_animation_delay&quot;:300}\" data-widget_type=\"heading.default\">\n\t\t\t\t<div class=\"elementor-widget-container\">\n\t\t\t\t\t<div class=\"elementor-heading-title elementor-size-default\">27.02.2025.<\/div>\t\t\t\t<\/div>\n\t\t\t\t<\/div>\n\t\t\t\t<div class=\"elementor-element elementor-element-7fe5e8a elementor-invisible elementor-widget elementor-widget-heading\" data-id=\"7fe5e8a\" data-element_type=\"widget\" data-settings=\"{&quot;_animation&quot;:&quot;fadeInUp&quot;,&quot;_animation_delay&quot;:600}\" data-widget_type=\"heading.default\">\n\t\t\t\t<div class=\"elementor-widget-container\">\n\t\t\t\t\t<h2 class=\"elementor-heading-title elementor-size-default\"><a href=\"https:\/\/www.kalelargainfo.hr\/zadranka-zana-dadic-s-tvrtkom-malako-suradivat-ce-sa-svjetskim-brendovima\/\" target=\"_blank\">Zadranka \u017dana Dadi\u0107 s tvrtkom Malako sura\u0111ivat \u0107e sa svjetskim brendovima<\/a><\/h2>\t\t\t\t<\/div>\n\t\t\t\t<\/div>\n\t\t\t\t<div class=\"elementor-element elementor-element-51e5a8c elementor-invisible elementor-widget elementor-widget-heading\" data-id=\"51e5a8c\" data-element_type=\"widget\" data-settings=\"{&quot;_animation&quot;:&quot;fadeInUp&quot;,&quot;_animation_delay&quot;:900}\" data-widget_type=\"heading.default\">\n\t\t\t\t<div class=\"elementor-widget-container\">\n\t\t\t\t\t<div class=\"elementor-heading-title elementor-size-default\"><a href=\"https:\/\/www.kalelargainfo.hr\/zadranka-zana-dadic-s-tvrtkom-malako-suradivat-ce-sa-svjetskim-brendovima\/\" target=\"_blank\">vi\u0161e...<\/a><\/div>\t\t\t\t<\/div>\n\t\t\t\t<\/div>\n\t\t\t\t\t<\/div>\n\t\t\t\t<\/div>\n\t\t\t\t<\/div>\n\t\t<\/div><div class=\"jet-listing-grid__item jet-listing-dynamic-post-795\" data-post-id=\"795\"  >\t\t<div data-elementor-type=\"jet-listing-items\" data-elementor-id=\"239\" class=\"elementor elementor-239\" data-elementor-post-type=\"jet-engine\">\n\t\t\t\t<div class=\"elementor-element elementor-element-91203ec e-flex e-con-boxed e-con e-parent\" data-id=\"91203ec\" data-element_type=\"container\">\n\t\t\t\t\t<div class=\"e-con-inner\">\n\t\t\t\t<div class=\"elementor-element elementor-element-584b729 elementor-invisible elementor-widget elementor-widget-image\" data-id=\"584b729\" data-element_type=\"widget\" data-settings=\"{&quot;_animation&quot;:&quot;fadeInUp&quot;}\" data-widget_type=\"image.default\">\n\t\t\t\t<div class=\"elementor-widget-container\">\n\t\t\t\t\t\t\t\t\t\t\t\t\t\t\t\t<a href=\"https:\/\/www.gradimozadar.hr\/vijesti-gradevina\/3630-umjetnost-od-kamena-na-velikoj-pozornici\" target=\"_blank\">\n\t\t\t\t\t\t\t<img decoding=\"async\" src=\"https:\/\/malakodesign.hr\/wp-content\/uploads\/elementor\/thumbs\/Malako_1-r24alut3jkzkmnq8y8piz86tacpmksojusfcrl3dp4.jpg\" title=\"Malako_1\" alt=\"Malako_1\" loading=\"lazy\" \/>\t\t\t\t\t\t\t\t<\/a>\n\t\t\t\t\t\t\t\t\t\t\t\t\t\t\t<\/div>\n\t\t\t\t<\/div>\n\t\t\t\t<div class=\"elementor-element elementor-element-1a18aba elementor-invisible elementor-widget elementor-widget-heading\" data-id=\"1a18aba\" data-element_type=\"widget\" data-settings=\"{&quot;_animation&quot;:&quot;fadeInUp&quot;,&quot;_animation_delay&quot;:300}\" data-widget_type=\"heading.default\">\n\t\t\t\t<div class=\"elementor-widget-container\">\n\t\t\t\t\t<div class=\"elementor-heading-title elementor-size-default\">27.02.2025.<\/div>\t\t\t\t<\/div>\n\t\t\t\t<\/div>\n\t\t\t\t<div class=\"elementor-element elementor-element-7fe5e8a elementor-invisible elementor-widget elementor-widget-heading\" data-id=\"7fe5e8a\" data-element_type=\"widget\" data-settings=\"{&quot;_animation&quot;:&quot;fadeInUp&quot;,&quot;_animation_delay&quot;:600}\" data-widget_type=\"heading.default\">\n\t\t\t\t<div class=\"elementor-widget-container\">\n\t\t\t\t\t<h2 class=\"elementor-heading-title elementor-size-default\"><a href=\"https:\/\/www.gradimozadar.hr\/vijesti-gradevina\/3630-umjetnost-od-kamena-na-velikoj-pozornici\" target=\"_blank\">UMJETNOST OD KAMENA NA VELIKOJ POZORNICI<\/a><\/h2>\t\t\t\t<\/div>\n\t\t\t\t<\/div>\n\t\t\t\t<div class=\"elementor-element elementor-element-51e5a8c elementor-invisible elementor-widget elementor-widget-heading\" data-id=\"51e5a8c\" data-element_type=\"widget\" data-settings=\"{&quot;_animation&quot;:&quot;fadeInUp&quot;,&quot;_animation_delay&quot;:900}\" data-widget_type=\"heading.default\">\n\t\t\t\t<div class=\"elementor-widget-container\">\n\t\t\t\t\t<div class=\"elementor-heading-title elementor-size-default\"><a href=\"https:\/\/www.gradimozadar.hr\/vijesti-gradevina\/3630-umjetnost-od-kamena-na-velikoj-pozornici\" target=\"_blank\">vi\u0161e...<\/a><\/div>\t\t\t\t<\/div>\n\t\t\t\t<\/div>\n\t\t\t\t\t<\/div>\n\t\t\t\t<\/div>\n\t\t\t\t<\/div>\n\t\t<\/div><div class=\"jet-listing-grid__item jet-listing-dynamic-post-711\" data-post-id=\"711\"  >\t\t<div data-elementor-type=\"jet-listing-items\" data-elementor-id=\"239\" class=\"elementor elementor-239\" data-elementor-post-type=\"jet-engine\">\n\t\t\t\t<div class=\"elementor-element elementor-element-91203ec e-flex e-con-boxed e-con e-parent\" data-id=\"91203ec\" data-element_type=\"container\">\n\t\t\t\t\t<div class=\"e-con-inner\">\n\t\t\t\t<div class=\"elementor-element elementor-element-584b729 elementor-invisible elementor-widget elementor-widget-image\" data-id=\"584b729\" data-element_type=\"widget\" data-settings=\"{&quot;_animation&quot;:&quot;fadeInUp&quot;}\" data-widget_type=\"image.default\">\n\t\t\t\t<div class=\"elementor-widget-container\">\n\t\t\t\t\t\t\t\t\t\t\t\t\t\t\t\t<a href=\"https:\/\/www.24sata.hr\/promo-sadrzaj\/unikatni-mramorni-umivaonici-na-bezvremenskom-zadarskom-forumu-1005161\" target=\"_blank\">\n\t\t\t\t\t\t\t<img decoding=\"async\" src=\"https:\/\/malakodesign.hr\/wp-content\/uploads\/elementor\/thumbs\/malak-ig-umivaonici-2-12-quc9pibgzrce9s5t5vst7e6s6rh5tstjpg2ib0uja0.webp\" title=\"malak-ig-umivaonici-2-12\" alt=\"malak-ig-umivaonici-2-12\" loading=\"lazy\" \/>\t\t\t\t\t\t\t\t<\/a>\n\t\t\t\t\t\t\t\t\t\t\t\t\t\t\t<\/div>\n\t\t\t\t<\/div>\n\t\t\t\t<div class=\"elementor-element elementor-element-1a18aba elementor-invisible elementor-widget elementor-widget-heading\" data-id=\"1a18aba\" data-element_type=\"widget\" data-settings=\"{&quot;_animation&quot;:&quot;fadeInUp&quot;,&quot;_animation_delay&quot;:300}\" data-widget_type=\"heading.default\">\n\t\t\t\t<div class=\"elementor-widget-container\">\n\t\t\t\t\t<div class=\"elementor-heading-title elementor-size-default\">19.09.2024.<\/div>\t\t\t\t<\/div>\n\t\t\t\t<\/div>\n\t\t\t\t<div class=\"elementor-element elementor-element-7fe5e8a elementor-invisible elementor-widget elementor-widget-heading\" data-id=\"7fe5e8a\" data-element_type=\"widget\" data-settings=\"{&quot;_animation&quot;:&quot;fadeInUp&quot;,&quot;_animation_delay&quot;:600}\" data-widget_type=\"heading.default\">\n\t\t\t\t<div class=\"elementor-widget-container\">\n\t\t\t\t\t<h2 class=\"elementor-heading-title elementor-size-default\"><a href=\"https:\/\/www.24sata.hr\/promo-sadrzaj\/unikatni-mramorni-umivaonici-na-bezvremenskom-zadarskom-forumu-1005161\" target=\"_blank\">Unikatni mramorni umivaonici na bezvremenskom zadarskom forumu<\/a><\/h2>\t\t\t\t<\/div>\n\t\t\t\t<\/div>\n\t\t\t\t<div class=\"elementor-element elementor-element-51e5a8c elementor-invisible elementor-widget elementor-widget-heading\" data-id=\"51e5a8c\" data-element_type=\"widget\" data-settings=\"{&quot;_animation&quot;:&quot;fadeInUp&quot;,&quot;_animation_delay&quot;:900}\" data-widget_type=\"heading.default\">\n\t\t\t\t<div class=\"elementor-widget-container\">\n\t\t\t\t\t<div class=\"elementor-heading-title elementor-size-default\"><a href=\"https:\/\/www.24sata.hr\/promo-sadrzaj\/unikatni-mramorni-umivaonici-na-bezvremenskom-zadarskom-forumu-1005161\" target=\"_blank\">vi\u0161e...<\/a><\/div>\t\t\t\t<\/div>\n\t\t\t\t<\/div>\n\t\t\t\t\t<\/div>\n\t\t\t\t<\/div>\n\t\t\t\t<\/div>\n\t\t<\/div><div class=\"jet-listing-grid__item jet-listing-dynamic-post-654\" data-post-id=\"654\"  >\t\t<div data-elementor-type=\"jet-listing-items\" data-elementor-id=\"239\" class=\"elementor elementor-239\" data-elementor-post-type=\"jet-engine\">\n\t\t\t\t<div class=\"elementor-element elementor-element-91203ec e-flex e-con-boxed e-con e-parent\" data-id=\"91203ec\" data-element_type=\"container\">\n\t\t\t\t\t<div class=\"e-con-inner\">\n\t\t\t\t<div class=\"elementor-element elementor-element-584b729 elementor-invisible elementor-widget elementor-widget-image\" data-id=\"584b729\" data-element_type=\"widget\" data-settings=\"{&quot;_animation&quot;:&quot;fadeInUp&quot;}\" data-widget_type=\"image.default\">\n\t\t\t\t<div class=\"elementor-widget-container\">\n\t\t\t\t\t\t\t\t\t\t\t\t\t\t\t\t<a href=\"https:\/\/kera-term.hr\/unikatni-mramorni-umivaonici-na-bezvremenskom-zadarskom-forumu\/\" target=\"_blank\">\n\t\t\t\t\t\t\t<img decoding=\"async\" src=\"https:\/\/malakodesign.hr\/wp-content\/uploads\/elementor\/thumbs\/Andrijevicevi-umivaonici-001-qua6g944dkksjdi8bajaxkcp6f1wse9hjvj2kjvzmg.jpg\" title=\"Andrijevicevi-umivaonici-001\" alt=\"Andrijevicevi-umivaonici-001\" loading=\"lazy\" \/>\t\t\t\t\t\t\t\t<\/a>\n\t\t\t\t\t\t\t\t\t\t\t\t\t\t\t<\/div>\n\t\t\t\t<\/div>\n\t\t\t\t<div class=\"elementor-element elementor-element-1a18aba elementor-invisible elementor-widget elementor-widget-heading\" data-id=\"1a18aba\" data-element_type=\"widget\" data-settings=\"{&quot;_animation&quot;:&quot;fadeInUp&quot;,&quot;_animation_delay&quot;:300}\" data-widget_type=\"heading.default\">\n\t\t\t\t<div class=\"elementor-widget-container\">\n\t\t\t\t\t<div class=\"elementor-heading-title elementor-size-default\">18.09.2024.<\/div>\t\t\t\t<\/div>\n\t\t\t\t<\/div>\n\t\t\t\t<div class=\"elementor-element elementor-element-7fe5e8a elementor-invisible elementor-widget elementor-widget-heading\" data-id=\"7fe5e8a\" data-element_type=\"widget\" data-settings=\"{&quot;_animation&quot;:&quot;fadeInUp&quot;,&quot;_animation_delay&quot;:600}\" data-widget_type=\"heading.default\">\n\t\t\t\t<div class=\"elementor-widget-container\">\n\t\t\t\t\t<h2 class=\"elementor-heading-title elementor-size-default\"><a href=\"https:\/\/kera-term.hr\/unikatni-mramorni-umivaonici-na-bezvremenskom-zadarskom-forumu\/\" target=\"_blank\">Nova razina luksuza: Andrijevi\u0107evi umivaonici ekskluzivno dostupni u Malako Interior Designu<\/a><\/h2>\t\t\t\t<\/div>\n\t\t\t\t<\/div>\n\t\t\t\t<div class=\"elementor-element elementor-element-51e5a8c elementor-invisible elementor-widget elementor-widget-heading\" data-id=\"51e5a8c\" data-element_type=\"widget\" data-settings=\"{&quot;_animation&quot;:&quot;fadeInUp&quot;,&quot;_animation_delay&quot;:900}\" data-widget_type=\"heading.default\">\n\t\t\t\t<div class=\"elementor-widget-container\">\n\t\t\t\t\t<div class=\"elementor-heading-title elementor-size-default\"><a href=\"https:\/\/kera-term.hr\/unikatni-mramorni-umivaonici-na-bezvremenskom-zadarskom-forumu\/\" target=\"_blank\">vi\u0161e...<\/a><\/div>\t\t\t\t<\/div>\n\t\t\t\t<\/div>\n\t\t\t\t\t<\/div>\n\t\t\t\t<\/div>\n\t\t\t\t<\/div>\n\t\t<\/div><\/div><div class=\"jet-listing-grid__loader\"><div class=\"jet-listing-grid__loader-spinner\"><\/div><\/div><\/div>\t\t\t\t<\/div>\n\t\t\t\t<\/div>\n\t\t\t\t\t<\/div>\n\t\t\t\t<\/div>\n\t\t\t\t<\/div>\n\t\t","protected":false},"excerpt":{"rendered":"<p>vi\u0161e&#8230; vi\u0161e&#8230;<\/p>\n","protected":false},"author":1,"featured_media":0,"parent":0,"menu_order":3,"comment_status":"closed","ping_status":"closed","template":"elementor_header_footer","meta":{"footnotes":""},"class_list":["post-647","page","type-page","status-publish","hentry"],"_links":{"self":[{"href":"https:\/\/malakodesign.hr\/en\/wp-json\/wp\/v2\/pages\/647","targetHints":{"allow":["GET"]}}],"collection":[{"href":"https:\/\/malakodesign.hr\/en\/wp-json\/wp\/v2\/pages"}],"about":[{"href":"https:\/\/malakodesign.hr\/en\/wp-json\/wp\/v2\/types\/page"}],"author":[{"embeddable":true,"href":"https:\/\/malakodesign.hr\/en\/wp-json\/wp\/v2\/users\/1"}],"replies":[{"embeddable":true,"href":"https:\/\/malakodesign.hr\/en\/wp-json\/wp\/v2\/comments?post=647"}],"version-history":[{"count":3,"href":"https:\/\/malakodesign.hr\/en\/wp-json\/wp\/v2\/pages\/647\/revisions"}],"predecessor-version":[{"id":782,"href":"https:\/\/malakodesign.hr\/en\/wp-json\/wp\/v2\/pages\/647\/revisions\/782"}],"wp:attachment":[{"href":"https:\/\/malakodesign.hr\/en\/wp-json\/wp\/v2\/media?parent=647"}],"curies":[{"name":"wp","href":"https:\/\/api.w.org\/{rel}","templated":true}]}}