{"id":641,"date":"2024-09-16T10:17:41","date_gmt":"2024-09-16T08:17:41","guid":{"rendered":"https:\/\/malakodesign.hr\/services\/"},"modified":"2025-07-31T16:22:42","modified_gmt":"2025-07-31T14:22:42","slug":"services","status":"publish","type":"page","link":"https:\/\/malakodesign.hr\/en\/services\/","title":{"rendered":"Services"},"content":{"rendered":"\t\t<div data-elementor-type=\"wp-page\" data-elementor-id=\"641\" class=\"elementor elementor-641 elementor-223\" data-elementor-post-type=\"page\">\n\t\t\t\t<div class=\"elementor-element elementor-element-c16f25b e-flex e-con-boxed e-con e-parent\" data-id=\"c16f25b\" data-element_type=\"container\">\n\t\t\t\t\t<div class=\"e-con-inner\">\n\t\t\t\t\t<\/div>\n\t\t\t\t<\/div>\n\t\t<div class=\"elementor-element elementor-element-0235521 e-flex e-con-boxed e-con e-parent\" data-id=\"0235521\" data-element_type=\"container\">\n\t\t\t\t\t<div class=\"e-con-inner\">\n\t\t<div class=\"elementor-element elementor-element-1678444 e-con-full e-flex e-con e-child\" data-id=\"1678444\" data-element_type=\"container\">\n\t\t\t\t<div class=\"elementor-element elementor-element-b6f0e0a elementor-widget elementor-widget-heading\" data-id=\"b6f0e0a\" data-element_type=\"widget\" data-widget_type=\"heading.default\">\n\t\t\t\t<div class=\"elementor-widget-container\">\n\t\t\t\t\t<h2 class=\"elementor-heading-title elementor-size-default\">Konzultacije<\/h2>\t\t\t\t<\/div>\n\t\t\t\t<\/div>\n\t\t\t\t<div class=\"elementor-element elementor-element-bffde14 elementor-widget elementor-widget-image\" data-id=\"bffde14\" data-element_type=\"widget\" data-widget_type=\"image.default\">\n\t\t\t\t<div class=\"elementor-widget-container\">\n\t\t\t\t\t\t\t\t\t\t\t\t\t\t\t<img decoding=\"async\" src=\"https:\/\/malakodesign.hr\/wp-content\/uploads\/elementor\/thumbs\/TON_0059-scaled-r9km5t8nehq9hbnizpvg9qxpob62lbsb5oxg10u5ww.jpg\" title=\"Toni Kulas\" alt=\"Toni Kulas\" loading=\"lazy\" \/>\t\t\t\t\t\t\t\t\t\t\t\t\t\t\t<\/div>\n\t\t\t\t<\/div>\n\t\t\t\t<div class=\"elementor-element elementor-element-3d6b4d6 elementor-widget elementor-widget-text-editor\" data-id=\"3d6b4d6\" data-element_type=\"widget\" data-widget_type=\"text-editor.default\">\n\t\t\t\t<div class=\"elementor-widget-container\">\n\t\t\t\t\t\t\t\t\t<p>Dogovor oko koncepta ure\u0111enja, analiza potreba<\/p>\n\t\t\t\t\t\t\t\t<\/div>\n\t\t\t\t<\/div>\n\t\t\t\t<\/div>\n\t\t<div class=\"elementor-element elementor-element-73c8851 e-con-full e-flex e-con e-child\" data-id=\"73c8851\" data-element_type=\"container\">\n\t\t\t\t<div class=\"elementor-element elementor-element-94b9e02 elementor-widget elementor-widget-heading\" data-id=\"94b9e02\" data-element_type=\"widget\" data-widget_type=\"heading.default\">\n\t\t\t\t<div class=\"elementor-widget-container\">\n\t\t\t\t\t<h2 class=\"elementor-heading-title elementor-size-default\">3D vizualizacija<\/h2>\t\t\t\t<\/div>\n\t\t\t\t<\/div>\n\t\t\t\t<div class=\"elementor-element elementor-element-b0e328a elementor-widget elementor-widget-image\" data-id=\"b0e328a\" data-element_type=\"widget\" data-widget_type=\"image.default\">\n\t\t\t\t<div class=\"elementor-widget-container\">\n\t\t\t\t\t\t\t\t\t\t\t\t\t\t\t<img decoding=\"async\" src=\"https:\/\/malakodesign.hr\/wp-content\/uploads\/elementor\/thumbs\/053-qu72c097xsqp79svnuanwleywdcnyecjkfn9pvn8fk.jpg\" title=\"053\" alt=\"053\" loading=\"lazy\" \/>\t\t\t\t\t\t\t\t\t\t\t\t\t\t\t<\/div>\n\t\t\t\t<\/div>\n\t\t\t\t<div class=\"elementor-element elementor-element-f9f8f1b elementor-widget elementor-widget-text-editor\" data-id=\"f9f8f1b\" data-element_type=\"widget\" data-widget_type=\"text-editor.default\">\n\t\t\t\t<div class=\"elementor-widget-container\">\n\t\t\t\t\t\t\t\t\t<p>Izrada detaljnih tlocrtnih i nacrtnih rje\u0161enja, modeliranje i 3D vizualizacija (od idejnog do izvedbenog projekta)<\/p>\n\t\t\t\t\t\t\t\t<\/div>\n\t\t\t\t<\/div>\n\t\t\t\t<\/div>\n\t\t<div class=\"elementor-element elementor-element-2062b68 e-con-full e-flex e-con e-child\" data-id=\"2062b68\" data-element_type=\"container\">\n\t\t\t\t<div class=\"elementor-element elementor-element-ff420a8 elementor-widget elementor-widget-heading\" data-id=\"ff420a8\" data-element_type=\"widget\" data-widget_type=\"heading.default\">\n\t\t\t\t<div class=\"elementor-widget-container\">\n\t\t\t\t\t<h2 class=\"elementor-heading-title elementor-size-default\">Stilsko ure\u0111enje<\/h2>\t\t\t\t<\/div>\n\t\t\t\t<\/div>\n\t\t\t\t<div class=\"elementor-element elementor-element-9d77a08 elementor-widget elementor-widget-image\" data-id=\"9d77a08\" data-element_type=\"widget\" data-widget_type=\"image.default\">\n\t\t\t\t<div class=\"elementor-widget-container\">\n\t\t\t\t\t\t\t\t\t\t\t\t\t\t\t<img decoding=\"async\" src=\"https:\/\/malakodesign.hr\/wp-content\/uploads\/elementor\/thumbs\/027-qu72d8fmv0f6cy0phve4ns9mthax067xeib39vtqb4.jpg\" title=\"027\" alt=\"027\" loading=\"lazy\" \/>\t\t\t\t\t\t\t\t\t\t\t\t\t\t\t<\/div>\n\t\t\t\t<\/div>\n\t\t\t\t<div class=\"elementor-element elementor-element-0d1176d elementor-widget elementor-widget-text-editor\" data-id=\"0d1176d\" data-element_type=\"widget\" data-widget_type=\"text-editor.default\">\n\t\t\t\t<div class=\"elementor-widget-container\">\n\t\t\t\t\t\t\t\t\t<p>Razvoj koncepta dizajna: izrada plana, odabir boja i materijala, namje\u0161taja i opreme te drugih dizajnerskih elemenata<\/p>\n\t\t\t\t\t\t\t\t<\/div>\n\t\t\t\t<\/div>\n\t\t\t\t<\/div>\n\t\t\t\t\t<\/div>\n\t\t\t\t<\/div>\n\t\t<div class=\"elementor-element elementor-element-56ac6d5 e-flex e-con-boxed e-con e-parent\" data-id=\"56ac6d5\" data-element_type=\"container\">\n\t\t\t\t\t<div class=\"e-con-inner\">\n\t\t<div class=\"elementor-element elementor-element-3cd6bc9 e-con-full e-flex e-con e-child\" data-id=\"3cd6bc9\" data-element_type=\"container\">\n\t\t\t\t<div class=\"elementor-element elementor-element-bc82aba elementor-widget elementor-widget-heading\" data-id=\"bc82aba\" data-element_type=\"widget\" data-widget_type=\"heading.default\">\n\t\t\t\t<div class=\"elementor-widget-container\">\n\t\t\t\t\t<h2 class=\"elementor-heading-title elementor-size-default\">Nadzor<\/h2>\t\t\t\t<\/div>\n\t\t\t\t<\/div>\n\t\t\t\t<div class=\"elementor-element elementor-element-12336d2 elementor-widget elementor-widget-image\" data-id=\"12336d2\" data-element_type=\"widget\" data-widget_type=\"image.default\">\n\t\t\t\t<div class=\"elementor-widget-container\">\n\t\t\t\t\t\t\t\t\t\t\t\t\t\t\t<img decoding=\"async\" src=\"https:\/\/malakodesign.hr\/wp-content\/uploads\/elementor\/thumbs\/tiler-working-renovation-apartment-qu72hnacy0gmv1lyqa22v66j7ljy50qkcck5dna73k.jpg\" title=\"tiler-working-renovation-apartment\" alt=\"tiler-working-renovation-apartment\" loading=\"lazy\" \/>\t\t\t\t\t\t\t\t\t\t\t\t\t\t\t<\/div>\n\t\t\t\t<\/div>\n\t\t\t\t<div class=\"elementor-element elementor-element-9af5fc6 elementor-widget elementor-widget-text-editor\" data-id=\"9af5fc6\" data-element_type=\"widget\" data-widget_type=\"text-editor.default\">\n\t\t\t\t<div class=\"elementor-widget-container\">\n\t\t\t\t\t\t\t\t\t<p>Nadzor realizacije projekta<\/p>\n\t\t\t\t\t\t\t\t<\/div>\n\t\t\t\t<\/div>\n\t\t\t\t<\/div>\n\t\t<div class=\"elementor-element elementor-element-2a633f4 e-con-full e-flex e-con e-child\" data-id=\"2a633f4\" data-element_type=\"container\">\n\t\t\t\t<div class=\"elementor-element elementor-element-8893a07 elementor-widget elementor-widget-heading\" data-id=\"8893a07\" data-element_type=\"widget\" data-widget_type=\"heading.default\">\n\t\t\t\t<div class=\"elementor-widget-container\">\n\t\t\t\t\t<h2 class=\"elementor-heading-title elementor-size-default\">SURADNJA<\/h2>\t\t\t\t<\/div>\n\t\t\t\t<\/div>\n\t\t\t\t<div class=\"elementor-element elementor-element-da5db0f elementor-widget elementor-widget-image\" data-id=\"da5db0f\" data-element_type=\"widget\" data-widget_type=\"image.default\">\n\t\t\t\t<div class=\"elementor-widget-container\">\n\t\t\t\t\t\t\t\t\t\t\t\t\t\t\t<img decoding=\"async\" src=\"https:\/\/malakodesign.hr\/wp-content\/uploads\/elementor\/thumbs\/TON_0110-scaled-r9km7dmysjvgtxdlue92fcpdbfg3f607dg2ktmijjk.jpg\" title=\"Toni Kulas\" alt=\"Toni Kulas\" loading=\"lazy\" \/>\t\t\t\t\t\t\t\t\t\t\t\t\t\t\t<\/div>\n\t\t\t\t<\/div>\n\t\t\t\t<div class=\"elementor-element elementor-element-6ff5be7 elementor-widget elementor-widget-text-editor\" data-id=\"6ff5be7\" data-element_type=\"widget\" data-widget_type=\"text-editor.default\">\n\t\t\t\t<div class=\"elementor-widget-container\">\n\t\t\t\t\t\t\t\t\t<p>Koordinacija s drugim profesionalcima (arhitektima, gra\u0111evinskim radnicima, stolarima, kamenoklesarima\u2026), a u svrhu pravilne implementacije dogovorenog s klijentom.<\/p>\n\t\t\t\t\t\t\t\t<\/div>\n\t\t\t\t<\/div>\n\t\t\t\t<\/div>\n\t\t<div class=\"elementor-element elementor-element-755fcb8 e-con-full e-flex e-con e-child\" data-id=\"755fcb8\" data-element_type=\"container\">\n\t\t\t\t<div class=\"elementor-element elementor-element-b2e2f55 elementor-widget elementor-widget-heading\" data-id=\"b2e2f55\" data-element_type=\"widget\" data-widget_type=\"heading.default\">\n\t\t\t\t<div class=\"elementor-widget-container\">\n\t\t\t\t\t<h2 class=\"elementor-heading-title elementor-size-default\">SAVJETOVANJE<\/h2>\t\t\t\t<\/div>\n\t\t\t\t<\/div>\n\t\t\t\t<div class=\"elementor-element elementor-element-7d3ad97 elementor-widget elementor-widget-image\" data-id=\"7d3ad97\" data-element_type=\"widget\" data-widget_type=\"image.default\">\n\t\t\t\t<div class=\"elementor-widget-container\">\n\t\t\t\t\t\t\t\t\t\t\t\t\t\t\t<img decoding=\"async\" src=\"https:\/\/malakodesign.hr\/wp-content\/uploads\/elementor\/thumbs\/TON_0267-scaled-r9kmh64fzf9zrp5lo4m5wdr82x6qlnvjpwpnsdzwq8.jpg\" title=\"Toni Kulas\" alt=\"Toni Kulas\" loading=\"lazy\" \/>\t\t\t\t\t\t\t\t\t\t\t\t\t\t\t<\/div>\n\t\t\t\t<\/div>\n\t\t\t\t<div class=\"elementor-element elementor-element-b7d92cf elementor-widget elementor-widget-text-editor\" data-id=\"b7d92cf\" data-element_type=\"widget\" data-widget_type=\"text-editor.default\">\n\t\t\t\t<div class=\"elementor-widget-container\">\n\t\t\t\t\t\t\t\t\t<p>Ure\u0111ujete samo dio stambenog prostora i dobro bi Vam do\u0161le kratke konzultacije? Ne znate kako \u0107e Vam se uklopiti novi zastori u stambeni prostor? \u017delite promijeniti radnu plo\u010du u kuhinji? Mi u Malako-u imamo odgovor na sva Va\u0161a pitanja.<\/p>\n\t\t\t\t\t\t\t\t<\/div>\n\t\t\t\t<\/div>\n\t\t\t\t<\/div>\n\t\t\t\t\t<\/div>\n\t\t\t\t<\/div>\n\t\t\t\t<\/div>\n\t\t","protected":false},"excerpt":{"rendered":"<p>Konzultacije Dogovor oko koncepta ure\u0111enja, analiza potreba 3D vizualizacija Izrada detaljnih tlocrtnih i nacrtnih rje\u0161enja, modeliranje i 3D vizualizacija (od idejnog do izvedbenog projekta) Stilsko ure\u0111enje Razvoj koncepta dizajna: izrada plana, odabir boja i materijala, namje\u0161taja i opreme te drugih dizajnerskih elemenata Nadzor Nadzor realizacije projekta SURADNJA Koordinacija s drugim profesionalcima (arhitektima, gra\u0111evinskim radnicima, stolarima, [&hellip;]<\/p>\n","protected":false},"author":1,"featured_media":0,"parent":0,"menu_order":1,"comment_status":"closed","ping_status":"closed","template":"elementor_header_footer","meta":{"footnotes":""},"class_list":["post-641","page","type-page","status-publish","hentry"],"_links":{"self":[{"href":"https:\/\/malakodesign.hr\/en\/wp-json\/wp\/v2\/pages\/641","targetHints":{"allow":["GET"]}}],"collection":[{"href":"https:\/\/malakodesign.hr\/en\/wp-json\/wp\/v2\/pages"}],"about":[{"href":"https:\/\/malakodesign.hr\/en\/wp-json\/wp\/v2\/types\/page"}],"author":[{"embeddable":true,"href":"https:\/\/malakodesign.hr\/en\/wp-json\/wp\/v2\/users\/1"}],"replies":[{"embeddable":true,"href":"https:\/\/malakodesign.hr\/en\/wp-json\/wp\/v2\/comments?post=641"}],"version-history":[{"count":2,"href":"https:\/\/malakodesign.hr\/en\/wp-json\/wp\/v2\/pages\/641\/revisions"}],"predecessor-version":[{"id":880,"href":"https:\/\/malakodesign.hr\/en\/wp-json\/wp\/v2\/pages\/641\/revisions\/880"}],"wp:attachment":[{"href":"https:\/\/malakodesign.hr\/en\/wp-json\/wp\/v2\/media?parent=641"}],"curies":[{"name":"wp","href":"https:\/\/api.w.org\/{rel}","templated":true}]}}