{"id":639,"date":"2024-09-09T11:53:49","date_gmt":"2024-09-09T09:53:49","guid":{"rendered":"https:\/\/malakodesign.hr\/about-us\/"},"modified":"2025-07-31T16:13:41","modified_gmt":"2025-07-31T14:13:41","slug":"about-us","status":"publish","type":"page","link":"https:\/\/malakodesign.hr\/en\/about-us\/","title":{"rendered":"About us"},"content":{"rendered":"\t\t<div data-elementor-type=\"wp-page\" data-elementor-id=\"639\" class=\"elementor elementor-639 elementor-48\" data-elementor-post-type=\"page\">\n\t\t\t\t<div class=\"elementor-element elementor-element-e7bb6e5 e-flex e-con-boxed e-con e-parent\" data-id=\"e7bb6e5\" data-element_type=\"container\">\n\t\t\t\t\t<div class=\"e-con-inner\">\n\t\t\t\t\t<\/div>\n\t\t\t\t<\/div>\n\t\t<div class=\"elementor-element elementor-element-f205901 e-flex e-con-boxed e-con e-parent\" data-id=\"f205901\" data-element_type=\"container\">\n\t\t\t\t\t<div class=\"e-con-inner\">\n\t\t\t\t<div class=\"elementor-element elementor-element-d9ddf08 elementor-invisible elementor-widget elementor-widget-image\" data-id=\"d9ddf08\" data-element_type=\"widget\" data-settings=\"{&quot;_animation&quot;:&quot;fadeIn&quot;}\" data-widget_type=\"image.default\">\n\t\t\t\t<div class=\"elementor-widget-container\">\n\t\t\t\t\t\t\t\t\t\t\t\t\t\t\t<img fetchpriority=\"high\" decoding=\"async\" width=\"2560\" height=\"1707\" src=\"https:\/\/malakodesign.hr\/wp-content\/uploads\/2025\/07\/O-nama-scaled.jpg\" class=\"attachment-full size-full wp-image-865\" alt=\"\" srcset=\"https:\/\/malakodesign.hr\/wp-content\/uploads\/2025\/07\/O-nama-scaled.jpg 2560w, https:\/\/malakodesign.hr\/wp-content\/uploads\/2025\/07\/O-nama-300x200.jpg 300w, https:\/\/malakodesign.hr\/wp-content\/uploads\/2025\/07\/O-nama-1024x683.jpg 1024w, https:\/\/malakodesign.hr\/wp-content\/uploads\/2025\/07\/O-nama-768x512.jpg 768w, https:\/\/malakodesign.hr\/wp-content\/uploads\/2025\/07\/O-nama-1536x1024.jpg 1536w, https:\/\/malakodesign.hr\/wp-content\/uploads\/2025\/07\/O-nama-2048x1365.jpg 2048w\" sizes=\"(max-width: 2560px) 100vw, 2560px\" \/>\t\t\t\t\t\t\t\t\t\t\t\t\t\t\t<\/div>\n\t\t\t\t<\/div>\n\t\t\t\t<div class=\"elementor-element elementor-element-6c32482 elementor-widget elementor-widget-text-editor\" data-id=\"6c32482\" data-element_type=\"widget\" data-widget_type=\"text-editor.default\">\n\t\t\t\t<div class=\"elementor-widget-container\">\n\t\t\t\t\t\t\t\t\t<h2>O NAMA<\/h2>\n<p>Malako Interior Design, sa sjedi\u0161tem u Zadru, svojim klijentima pru\u017ea jedinstveno iskustvo dizajna koje je potpuno prilago\u0111eno \u017eeljama i potrebama pojedinca. Bavimo se stiliziranjem i dizajniranjem stambenih i komercijalnih jedinica (vila za odmor, apartmana, hotela, trgovina, ureda te poslovnih i ugostiteljskih prostora), a fokus stavljamo na personalizirane i funkcionalne prostore koji su odraz Va\u0161eg stila i Va\u0161ih potreba.<\/p>\n<h2>NA\u0160 TIM<\/h2>\n<p>Na\u0161 tim \u010dine stru\u010dnjaci iz podru\u010dja tehni\u010dkog crtanja, modeliranja i 3D vizualizacija. Svakom klijentu pristupamo individualno, a prilikom ure\u0111enja uva\u017eavamo Va\u0161e potrebe i \u017eelje te stvaramo ugodan prostor prilago\u0111en Va\u0161em bud\u017eetu. Sura\u0111ujemo s provjerenim tvrtkama koji svaku Va\u0161u i na\u0161u ideju pretvaraju u stvarnost.<\/p>\n<h2>VIZIJA<\/h2>\n<p>U Malako Interior Designu dizajniranje interijera nije samo posao ve\u0107 ljubav prema stvaranju. U radu po\u0161tujemo Va\u0161e \u017eelje. Na\u0161om kreativno\u0161\u0107u stvaramo primarno \u017eivotno funkcionalan prostor koji odra\u017eava Va\u0161u osobnost, a estetski je privla\u010dan te prati najnovije dizajnerske trendove. Nudimo stru\u010dno vodstvo u odabiru materijala, namje\u0161taja i opreme s na\u0161im provjerenim partnerima.<\/p>\n<h2>PRODAJA MRAMORNIH UMIVAONIKA \u00a0<\/h2>\n<p>Sura\u0111ujemo s provjerenim proizvo\u0111a\u010dima, a ekskluzivno prodajemo unikatne mramorne umivaonike Andrijevi\u0107 Umjetnost u kamenu. Svi umivaonici nalaze se u rubrici &#8211; Katalog umivaonika.<\/p>\n<p>Na\u0161im kupcima nudimo proizvode vrhunske kvalitete. Da\u0161ak elegancije i bezvremenske ljepote donosimo s\u00a0 linijom mramornih umivaonika, kvarcnih i porculanskih kuhinjskih i kupaonskih obloga te radnih plo\u010da.<\/p>\n<p>Kao klijenti Malako Interior Designa ostvarujete povoljnije uvjete kupnje, a samim time i povla\u0161teni polo\u017eaj kod na\u0161ih partnera.<\/p>\n<p>Obratite nam se s povjerenjem jer \u0107e na\u0161 tim u\u010diniti sve da se osje\u0107ate lako! Malako!<\/p>\n<p>\u00a0<\/p>\n\t\t\t\t\t\t\t\t<\/div>\n\t\t\t\t<\/div>\n\t\t\t\t\t<\/div>\n\t\t\t\t<\/div>\n\t\t\t\t<\/div>\n\t\t","protected":false},"excerpt":{"rendered":"<p>O NAMA Malako Interior Design, sa sjedi\u0161tem u Zadru, svojim klijentima pru\u017ea jedinstveno iskustvo dizajna koje je potpuno prilago\u0111eno \u017eeljama i potrebama pojedinca. Bavimo se stiliziranjem i dizajniranjem stambenih i komercijalnih jedinica (vila za odmor, apartmana, hotela, trgovina, ureda te poslovnih i ugostiteljskih prostora), a fokus stavljamo na personalizirane i funkcionalne prostore koji su odraz [&hellip;]<\/p>\n","protected":false},"author":1,"featured_media":0,"parent":0,"menu_order":1,"comment_status":"closed","ping_status":"closed","template":"elementor_header_footer","meta":{"footnotes":""},"class_list":["post-639","page","type-page","status-publish","hentry"],"_links":{"self":[{"href":"https:\/\/malakodesign.hr\/en\/wp-json\/wp\/v2\/pages\/639","targetHints":{"allow":["GET"]}}],"collection":[{"href":"https:\/\/malakodesign.hr\/en\/wp-json\/wp\/v2\/pages"}],"about":[{"href":"https:\/\/malakodesign.hr\/en\/wp-json\/wp\/v2\/types\/page"}],"author":[{"embeddable":true,"href":"https:\/\/malakodesign.hr\/en\/wp-json\/wp\/v2\/users\/1"}],"replies":[{"embeddable":true,"href":"https:\/\/malakodesign.hr\/en\/wp-json\/wp\/v2\/comments?post=639"}],"version-history":[{"count":3,"href":"https:\/\/malakodesign.hr\/en\/wp-json\/wp\/v2\/pages\/639\/revisions"}],"predecessor-version":[{"id":869,"href":"https:\/\/malakodesign.hr\/en\/wp-json\/wp\/v2\/pages\/639\/revisions\/869"}],"wp:attachment":[{"href":"https:\/\/malakodesign.hr\/en\/wp-json\/wp\/v2\/media?parent=639"}],"curies":[{"name":"wp","href":"https:\/\/api.w.org\/{rel}","templated":true}]}}