{"id":637,"date":"2024-09-09T08:57:02","date_gmt":"2024-09-09T06:57:02","guid":{"rendered":"https:\/\/malakodesign.hr\/home\/"},"modified":"2025-11-24T12:04:35","modified_gmt":"2025-11-24T11:04:35","slug":"home","status":"publish","type":"page","link":"https:\/\/malakodesign.hr\/en\/","title":{"rendered":"Home"},"content":{"rendered":"\t\t<div data-elementor-type=\"wp-page\" data-elementor-id=\"637\" class=\"elementor elementor-637 elementor-30\" data-elementor-post-type=\"page\">\n\t\t\t\t<div class=\"elementor-element elementor-element-70dfb5c e-flex e-con-boxed elementor-invisible e-con e-parent\" data-id=\"70dfb5c\" data-element_type=\"container\" data-settings=\"{&quot;background_background&quot;:&quot;classic&quot;,&quot;animation&quot;:&quot;fadeInDown&quot;}\">\n\t\t\t\t\t<div class=\"e-con-inner\">\n\t\t\t\t<div class=\"elementor-element elementor-element-5f587aa elementor-widget elementor-widget-spacer\" data-id=\"5f587aa\" data-element_type=\"widget\" data-widget_type=\"spacer.default\">\n\t\t\t\t<div class=\"elementor-widget-container\">\n\t\t\t\t\t\t\t<div class=\"elementor-spacer\">\n\t\t\t<div class=\"elementor-spacer-inner\"><\/div>\n\t\t<\/div>\n\t\t\t\t\t\t<\/div>\n\t\t\t\t<\/div>\n\t\t\t\t<div class=\"elementor-element elementor-element-c416de5 elementor-widget elementor-widget-html\" data-id=\"c416de5\" data-element_type=\"widget\" data-widget_type=\"html.default\">\n\t\t\t\t<div class=\"elementor-widget-container\">\n\t\t\t\t\t<style type=\"text\/css\">\r\n    #header {\r\n        filter: invert(1);\r\n    }\r\n    .wpml-ls-legacy-list-horizontal .wpml-ls-flag {\r\n        filter: invert(1);\r\n    }\r\n<\/style>\t\t\t\t<\/div>\n\t\t\t\t<\/div>\n\t\t\t\t\t<\/div>\n\t\t\t\t<\/div>\n\t\t<div class=\"elementor-element elementor-element-813028f e-flex e-con-boxed e-con e-parent\" data-id=\"813028f\" data-element_type=\"container\">\n\t\t\t\t\t<div class=\"e-con-inner\">\n\t\t\t\t<div class=\"elementor-element elementor-element-bf7017b elementor-invisible elementor-widget elementor-widget-heading\" data-id=\"bf7017b\" data-element_type=\"widget\" data-settings=\"{&quot;_animation&quot;:&quot;fadeInUp&quot;}\" data-widget_type=\"heading.default\">\n\t\t\t\t<div class=\"elementor-widget-container\">\n\t\t\t\t\t<h1 class=\"elementor-heading-title elementor-size-default\">Kako? Malako<\/h1>\t\t\t\t<\/div>\n\t\t\t\t<\/div>\n\t\t\t\t\t<\/div>\n\t\t\t\t<\/div>\n\t\t<div class=\"elementor-element elementor-element-b541401 e-flex e-con-boxed e-con e-parent\" data-id=\"b541401\" data-element_type=\"container\">\n\t\t\t\t\t<div class=\"e-con-inner\">\n\t\t<div class=\"elementor-element elementor-element-b2ce07a e-con-full e-flex elementor-invisible e-con e-child\" data-id=\"b2ce07a\" data-element_type=\"container\" data-settings=\"{&quot;background_background&quot;:&quot;classic&quot;,&quot;animation&quot;:&quot;fadeIn&quot;}\">\n\t\t\t\t<div class=\"elementor-element elementor-element-f36c105 elementor-align-center elementor-mobile-align-justify elementor-widget__width-inherit elementor-widget elementor-widget-button\" data-id=\"f36c105\" data-element_type=\"widget\" data-widget_type=\"button.default\">\n\t\t\t\t<div class=\"elementor-widget-container\">\n\t\t\t\t\t\t\t\t\t<div class=\"elementor-button-wrapper\">\n\t\t\t\t\t<a class=\"elementor-button elementor-button-link elementor-size-sm\" href=\"https:\/\/malakodesign.hr\/en\/projects\/\">\n\t\t\t\t\t\t<span class=\"elementor-button-content-wrapper\">\n\t\t\t\t\t\t\t\t\t<span class=\"elementor-button-text\">Projekti<\/span>\n\t\t\t\t\t<\/span>\n\t\t\t\t\t<\/a>\n\t\t\t\t<\/div>\n\t\t\t\t\t\t\t\t<\/div>\n\t\t\t\t<\/div>\n\t\t\t\t<\/div>\n\t\t<div class=\"elementor-element elementor-element-eb7d87d e-con-full e-flex elementor-invisible e-con e-child\" data-id=\"eb7d87d\" data-element_type=\"container\" data-settings=\"{&quot;background_background&quot;:&quot;classic&quot;,&quot;animation&quot;:&quot;fadeIn&quot;,&quot;animation_delay&quot;:600}\">\n\t\t\t\t<div class=\"elementor-element elementor-element-1213881 elementor-align-center elementor-mobile-align-justify elementor-widget__width-inherit elementor-widget elementor-widget-button\" data-id=\"1213881\" data-element_type=\"widget\" data-widget_type=\"button.default\">\n\t\t\t\t<div class=\"elementor-widget-container\">\n\t\t\t\t\t\t\t\t\t<div class=\"elementor-button-wrapper\">\n\t\t\t\t\t<a class=\"elementor-button elementor-button-link elementor-size-sm\" href=\"https:\/\/malakodesign.hr\/en\/sink-catalog\/\">\n\t\t\t\t\t\t<span class=\"elementor-button-content-wrapper\">\n\t\t\t\t\t\t\t\t\t<span class=\"elementor-button-text\">Katalog umivaonika<\/span>\n\t\t\t\t\t<\/span>\n\t\t\t\t\t<\/a>\n\t\t\t\t<\/div>\n\t\t\t\t\t\t\t\t<\/div>\n\t\t\t\t<\/div>\n\t\t\t\t<\/div>\n\t\t\t\t\t<\/div>\n\t\t\t\t<\/div>\n\t\t<div class=\"elementor-element elementor-element-2d97549 e-flex e-con-boxed e-con e-parent\" data-id=\"2d97549\" data-element_type=\"container\">\n\t\t\t\t\t<div class=\"e-con-inner\">\n\t\t\t\t<div class=\"elementor-element elementor-element-7b9e71f elementor-invisible elementor-widget elementor-widget-text-editor\" data-id=\"7b9e71f\" data-element_type=\"widget\" data-settings=\"{&quot;_animation&quot;:&quot;fadeIn&quot;}\" data-widget_type=\"text-editor.default\">\n\t\t\t\t<div class=\"elementor-widget-container\">\n\t\t\t\t\t\t\t\t\t<p>U Malako Interior Designu dizajniranje interijera nije samo posao ve\u0107 ljubav prema stvaranju. U radu po\u0161tujemo Va\u0161e \u017eelje.<br \/>Na\u0161om kreativno\u0161\u0107u stvaramo primarno \u017eivotno funkcionalan prostor koji odra\u017eava Va\u0161u osobnost, a estetski je privla\u010dan te prati najnovije dizajnerske trendove. Nudimo stru\u010dno vodstvo u odabiru materijala, namje\u0161taja i opreme s na\u0161im provjerenim partnerima.<\/p>\n\t\t\t\t\t\t\t\t<\/div>\n\t\t\t\t<\/div>\n\t\t\t\t\t<\/div>\n\t\t\t\t<\/div>\n\t\t<div class=\"elementor-element elementor-element-8eaa4e3 e-flex e-con-boxed e-con e-parent\" data-id=\"8eaa4e3\" data-element_type=\"container\">\n\t\t\t\t\t<div class=\"e-con-inner\">\n\t\t\t\t<div class=\"elementor-element elementor-element-12973bb elementor-widget elementor-widget-heading\" data-id=\"12973bb\" data-element_type=\"widget\" data-widget_type=\"heading.default\">\n\t\t\t\t<div class=\"elementor-widget-container\">\n\t\t\t\t\t<h2 class=\"elementor-heading-title elementor-size-default\"><a href=\"https:\/\/www.instagram.com\/malako_interior_design\/\" target=\"_blank\">Follow us<\/a><\/h2>\t\t\t\t<\/div>\n\t\t\t\t<\/div>\n\t\t\t\t<div class=\"elementor-element elementor-element-ca50628 elementor-widget elementor-widget-image\" data-id=\"ca50628\" data-element_type=\"widget\" data-widget_type=\"image.default\">\n\t\t\t\t<div class=\"elementor-widget-container\">\n\t\t\t\t\t\t\t\t\t\t\t\t\t\t\t\t<a href=\"https:\/\/www.instagram.com\/malako_interior_design\/\" target=\"_blank\">\n\t\t\t\t\t\t\t<img fetchpriority=\"high\" decoding=\"async\" width=\"2464\" height=\"1640\" src=\"https:\/\/malakodesign.hr\/wp-content\/uploads\/2024\/09\/Screen-Shot-2024-09-06-at-16.34.11-1-1.jpg\" class=\"attachment-full size-full wp-image-555\" alt=\"\" srcset=\"https:\/\/malakodesign.hr\/wp-content\/uploads\/2024\/09\/Screen-Shot-2024-09-06-at-16.34.11-1-1.jpg 2464w, https:\/\/malakodesign.hr\/wp-content\/uploads\/2024\/09\/Screen-Shot-2024-09-06-at-16.34.11-1-1-300x200.jpg 300w, https:\/\/malakodesign.hr\/wp-content\/uploads\/2024\/09\/Screen-Shot-2024-09-06-at-16.34.11-1-1-1024x682.jpg 1024w, https:\/\/malakodesign.hr\/wp-content\/uploads\/2024\/09\/Screen-Shot-2024-09-06-at-16.34.11-1-1-768x511.jpg 768w, https:\/\/malakodesign.hr\/wp-content\/uploads\/2024\/09\/Screen-Shot-2024-09-06-at-16.34.11-1-1-1536x1022.jpg 1536w, https:\/\/malakodesign.hr\/wp-content\/uploads\/2024\/09\/Screen-Shot-2024-09-06-at-16.34.11-1-1-2048x1363.jpg 2048w\" sizes=\"(max-width: 2464px) 100vw, 2464px\" \/>\t\t\t\t\t\t\t\t<\/a>\n\t\t\t\t\t\t\t\t\t\t\t\t\t\t\t<\/div>\n\t\t\t\t<\/div>\n\t\t\t\t<div class=\"elementor-element elementor-element-0d8d37e elementor-shape-rounded elementor-grid-0 e-grid-align-center elementor-widget elementor-widget-social-icons\" data-id=\"0d8d37e\" data-element_type=\"widget\" data-widget_type=\"social-icons.default\">\n\t\t\t\t<div class=\"elementor-widget-container\">\n\t\t\t\t\t\t\t<div class=\"elementor-social-icons-wrapper elementor-grid\" role=\"list\">\n\t\t\t\t\t\t\t<span class=\"elementor-grid-item\" role=\"listitem\">\n\t\t\t\t\t<a class=\"elementor-icon elementor-social-icon elementor-social-icon- elementor-animation-grow elementor-repeater-item-f98f8e1\" href=\"https:\/\/www.instagram.com\/malako_interior_design\/\" target=\"_blank\">\n\t\t\t\t\t\t<span class=\"elementor-screen-only\"><\/span>\n\t\t\t\t\t\t<svg xmlns=\"http:\/\/www.w3.org\/2000\/svg\" width=\"23\" height=\"23\" viewBox=\"0 0 23 23\" fill=\"none\"><path d=\"M1 10.1693C1 5.75535 1 3.54779 2.37183 2.17713C3.74366 0.806468 5.95006 0.805298 10.364 0.805298H12.705C17.119 0.805298 19.3266 0.805298 20.6972 2.17713C22.0679 3.54896 22.0691 5.75535 22.0691 10.1693V12.5103C22.0691 16.9243 22.0691 19.1319 20.6972 20.5025C19.3254 21.8732 17.119 21.8744 12.705 21.8744H10.364C5.95006 21.8744 3.74249 21.8743 2.37183 20.5025C1.00117 19.1307 1 16.9243 1 12.5103V10.1693Z\" stroke=\"black\" stroke-width=\"1.4\"><\/path><path d=\"M16.8017 7.82828C17.7713 7.82828 18.5574 7.0422 18.5574 6.07253C18.5574 5.10285 17.7713 4.31677 16.8017 4.31677C15.832 4.31677 15.0459 5.10285 15.0459 6.07253C15.0459 7.0422 15.832 7.82828 16.8017 7.82828Z\" fill=\"black\"><\/path><path d=\"M11.5345 15.4366C13.7971 15.4366 15.6313 13.6024 15.6313 11.3398C15.6313 9.07722 13.7971 7.24304 11.5345 7.24304C9.27193 7.24304 7.43774 9.07722 7.43774 11.3398C7.43774 13.6024 9.27193 15.4366 11.5345 15.4366Z\" stroke=\"black\" stroke-width=\"1.2\"><\/path><\/svg>\t\t\t\t\t<\/a>\n\t\t\t\t<\/span>\n\t\t\t\t\t\t\t<span class=\"elementor-grid-item\" role=\"listitem\">\n\t\t\t\t\t<a class=\"elementor-icon elementor-social-icon elementor-social-icon- elementor-animation-grow elementor-repeater-item-2893198\" href=\"https:\/\/www.linkedin.com\/company\/malako-interior-design\/?viewAsMember=true\" target=\"_blank\">\n\t\t\t\t\t\t<span class=\"elementor-screen-only\"><\/span>\n\t\t\t\t\t\t<svg xmlns=\"http:\/\/www.w3.org\/2000\/svg\" width=\"22\" height=\"22\" viewBox=\"0 0 22 22\" fill=\"none\"><path d=\"M18.9239 0H3.07606C2.26094 0.00227281 1.47985 0.327087 0.903469 0.903469C0.327087 1.47985 0.00227281 2.26094 0 3.07606V18.9239C0.00227281 19.7391 0.327087 20.5201 0.903469 21.0965C1.47985 21.6729 2.26094 21.9977 3.07606 22H18.9239C19.7398 22 20.5222 21.6759 21.099 21.099C21.6759 20.5222 22 19.7398 22 18.9239V3.07606C22 2.26024 21.6759 1.47783 21.099 0.900958C20.5222 0.324084 19.7398 0 18.9239 0ZM20.7696 18.9239C20.7664 19.4124 20.5709 19.88 20.2254 20.2254C19.88 20.5709 19.4124 20.7664 18.9239 20.7696H3.07606C2.58756 20.7664 2.11999 20.5709 1.77456 20.2254C1.42914 19.88 1.23365 19.4124 1.23043 18.9239V3.07606C1.23365 2.58756 1.42914 2.11999 1.77456 1.77456C2.11999 1.42914 2.58756 1.23365 3.07606 1.23043H18.9239C19.4124 1.23365 19.88 1.42914 20.2254 1.77456C20.5709 2.11999 20.7664 2.58756 20.7696 3.07606V18.9239Z\" fill=\"black\"><\/path><path d=\"M4.08008 9.45955C4.08008 9.13322 4.20971 8.82026 4.44046 8.58951C4.67121 8.35876 4.98417 8.22913 5.3105 8.22913C5.63683 8.22913 5.9498 8.35876 6.18055 8.58951C6.4113 8.82026 6.54093 9.13322 6.54093 9.45955V17.4573C6.54093 17.7836 6.4113 18.0966 6.18055 18.3274C5.9498 18.5581 5.63683 18.6877 5.3105 18.6877C4.98417 18.6877 4.67121 18.5581 4.44046 18.3274C4.20971 18.0966 4.08008 17.7836 4.08008 17.4573V9.45955Z\" fill=\"black\"><\/path><path d=\"M5.3105 5.76334C5.99005 5.76334 6.54093 5.21246 6.54093 4.53292C6.54093 3.85337 5.99005 3.30249 5.3105 3.30249C4.63096 3.30249 4.08008 3.85337 4.08008 4.53292C4.08008 5.21246 4.63096 5.76334 5.3105 5.76334Z\" fill=\"black\"><\/path><path d=\"M17.915 12.6857V17.4597C17.915 17.786 17.7854 18.099 17.5546 18.3297C17.3239 18.5605 17.0109 18.6901 16.6846 18.6901C16.3583 18.6901 16.0453 18.5605 15.8145 18.3297C15.5838 18.099 15.4542 17.786 15.4542 17.4597V12.6857C15.4542 12.1586 15.2448 11.6532 14.8721 11.2805C14.4995 10.9079 13.9941 10.6985 13.467 10.6985C12.94 10.6985 12.4346 10.9079 12.0619 11.2805C11.6893 11.6532 11.4799 12.1586 11.4799 12.6857V17.4597C11.4799 17.786 11.3503 18.099 11.1195 18.3297C10.8888 18.5605 10.5758 18.6901 10.2495 18.6901C9.92314 18.6901 9.61017 18.5605 9.37943 18.3297C9.14868 18.099 9.01904 17.786 9.01904 17.4597V9.46194C9.02412 9.13719 9.15538 8.82717 9.38504 8.59751C9.6147 8.36785 9.92472 8.23659 10.2495 8.23151C10.4579 8.22581 10.6639 8.27653 10.8459 8.37833C11.0278 8.48013 11.1789 8.62922 11.283 8.80981C11.9596 8.42636 12.725 8.22725 13.5026 8.2324C14.2803 8.23756 15.043 8.4468 15.7144 8.83919C16.3858 9.23158 16.9425 9.79337 17.3287 10.4684C17.7148 11.1434 17.917 11.908 17.915 12.6857Z\" fill=\"black\"><\/path><\/svg>\t\t\t\t\t<\/a>\n\t\t\t\t<\/span>\n\t\t\t\t\t\t\t<span class=\"elementor-grid-item\" role=\"listitem\">\n\t\t\t\t\t<a class=\"elementor-icon elementor-social-icon elementor-social-icon- elementor-animation-grow elementor-repeater-item-48e3cd3\" href=\"https:\/\/www.pinterest.com\/MalakoDesign\/\" target=\"_blank\">\n\t\t\t\t\t\t<span class=\"elementor-screen-only\"><\/span>\n\t\t\t\t\t\t<svg xmlns=\"http:\/\/www.w3.org\/2000\/svg\" width=\"23\" height=\"22\" viewBox=\"0 0 23 22\" fill=\"none\"><path d=\"M11.1771 9.98056L7.09919 20.1753M9.11163 15.661C10.2208 16.1529 11.469 16.233 12.6319 15.8869C13.7948 15.5408 14.7961 14.7913 15.4558 13.773C16.1156 12.7547 16.3905 11.5345 16.2311 10.3318C16.0717 9.12896 15.4886 8.02246 14.5864 7.21114C13.6843 6.39983 12.5223 5.93692 11.3094 5.90563C10.0965 5.87433 8.91221 6.27671 7.96942 7.04041C7.02663 7.80412 6.38717 8.87908 6.16599 10.0721C5.94481 11.265 6.15641 12.4978 6.76277 13.5487\" stroke=\"black\" stroke-width=\"1.5\" stroke-linecap=\"round\" stroke-linejoin=\"round\"><\/path><path d=\"M11.1771 21.1947C16.8075 21.1947 21.3718 16.6304 21.3718 11C21.3718 5.36962 16.8075 0.805298 11.1771 0.805298C5.54675 0.805298 0.982422 5.36962 0.982422 11C0.982422 16.6304 5.54675 21.1947 11.1771 21.1947Z\" stroke=\"black\" stroke-width=\"1.5\" stroke-linecap=\"round\" stroke-linejoin=\"round\"><\/path><\/svg>\t\t\t\t\t<\/a>\n\t\t\t\t<\/span>\n\t\t\t\t\t<\/div>\n\t\t\t\t\t\t<\/div>\n\t\t\t\t<\/div>\n\t\t\t\t\t<\/div>\n\t\t\t\t<\/div>\n\t\t<div class=\"elementor-element elementor-element-824bfd9 e-flex e-con-boxed e-con e-parent\" data-id=\"824bfd9\" data-element_type=\"container\">\n\t\t\t\t\t<div class=\"e-con-inner\">\n\t\t\t\t<div class=\"elementor-element elementor-element-0f3bd04 elementor-invisible elementor-widget elementor-widget-heading\" data-id=\"0f3bd04\" data-element_type=\"widget\" data-settings=\"{&quot;_animation&quot;:&quot;fadeIn&quot;}\" data-widget_type=\"heading.default\">\n\t\t\t\t<div class=\"elementor-widget-container\">\n\t\t\t\t\t<h2 class=\"elementor-heading-title elementor-size-default\">MALAKO Concept Store<\/h2>\t\t\t\t<\/div>\n\t\t\t\t<\/div>\n\t\t\t\t\t<\/div>\n\t\t\t\t<\/div>\n\t\t<div class=\"elementor-element elementor-element-7d8d858 elementor-hidden-desktop elementor-hidden-tablet elementor-hidden-mobile e-flex e-con-boxed e-con e-parent\" data-id=\"7d8d858\" data-element_type=\"container\">\n\t\t\t\t\t<div class=\"e-con-inner\">\n\t\t<div class=\"elementor-element elementor-element-152d7a3 e-con-full e-flex e-con e-child\" data-id=\"152d7a3\" data-element_type=\"container\">\n\t\t\t\t<div class=\"elementor-element elementor-element-5b0b286 elementor-invisible elementor-widget elementor-widget-image\" data-id=\"5b0b286\" data-element_type=\"widget\" data-settings=\"{&quot;_animation&quot;:&quot;fadeInUp&quot;,&quot;_animation_delay&quot;:600}\" data-widget_type=\"image.default\">\n\t\t\t\t<div class=\"elementor-widget-container\">\n\t\t\t\t\t\t\t\t\t\t\t\t\t\t\t<img decoding=\"async\" width=\"370\" height=\"82\" src=\"https:\/\/malakodesign.hr\/wp-content\/uploads\/2024\/09\/andrijevic.svg\" class=\"attachment-full size-full wp-image-564\" alt=\"\" \/>\t\t\t\t\t\t\t\t\t\t\t\t\t\t\t<\/div>\n\t\t\t\t<\/div>\n\t\t\t\t<div class=\"elementor-element elementor-element-fbd50bf elementor-invisible elementor-widget elementor-widget-image\" data-id=\"fbd50bf\" data-element_type=\"widget\" data-settings=\"{&quot;_animation&quot;:&quot;fadeInUp&quot;,&quot;_animation_delay&quot;:1200}\" data-widget_type=\"image.default\">\n\t\t\t\t<div class=\"elementor-widget-container\">\n\t\t\t\t\t\t\t\t\t\t\t\t\t\t\t<img decoding=\"async\" width=\"481\" height=\"112\" src=\"https:\/\/malakodesign.hr\/wp-content\/uploads\/2024\/09\/keraterm.svg\" class=\"attachment-full size-full wp-image-553\" alt=\"\" \/>\t\t\t\t\t\t\t\t\t\t\t\t\t\t\t<\/div>\n\t\t\t\t<\/div>\n\t\t\t\t<div class=\"elementor-element elementor-element-9d32a1c elementor-invisible elementor-widget elementor-widget-image\" data-id=\"9d32a1c\" data-element_type=\"widget\" data-settings=\"{&quot;_animation&quot;:&quot;fadeInUp&quot;,&quot;_animation_delay&quot;:1200}\" data-widget_type=\"image.default\">\n\t\t\t\t<div class=\"elementor-widget-container\">\n\t\t\t\t\t\t\t\t\t\t\t\t\t\t\t<img loading=\"lazy\" decoding=\"async\" width=\"328\" height=\"310\" src=\"https:\/\/malakodesign.hr\/wp-content\/uploads\/2024\/09\/mineri_logo-01-1.png\" class=\"attachment-full size-full wp-image-687\" alt=\"\" srcset=\"https:\/\/malakodesign.hr\/wp-content\/uploads\/2024\/09\/mineri_logo-01-1.png 328w, https:\/\/malakodesign.hr\/wp-content\/uploads\/2024\/09\/mineri_logo-01-1-300x284.png 300w\" sizes=\"(max-width: 328px) 100vw, 328px\" \/>\t\t\t\t\t\t\t\t\t\t\t\t\t\t\t<\/div>\n\t\t\t\t<\/div>\n\t\t\t\t<div class=\"elementor-element elementor-element-207417a elementor-invisible elementor-widget elementor-widget-image\" data-id=\"207417a\" data-element_type=\"widget\" data-settings=\"{&quot;_animation&quot;:&quot;fadeInUp&quot;}\" data-widget_type=\"image.default\">\n\t\t\t\t<div class=\"elementor-widget-container\">\n\t\t\t\t\t\t\t\t\t\t\t\t\t\t\t<img loading=\"lazy\" decoding=\"async\" width=\"672\" height=\"216\" src=\"https:\/\/malakodesign.hr\/wp-content\/uploads\/2024\/09\/Logo-Zarakop-1.png\" class=\"attachment-full size-full wp-image-690\" alt=\"\" srcset=\"https:\/\/malakodesign.hr\/wp-content\/uploads\/2024\/09\/Logo-Zarakop-1.png 672w, https:\/\/malakodesign.hr\/wp-content\/uploads\/2024\/09\/Logo-Zarakop-1-300x96.png 300w\" sizes=\"(max-width: 672px) 100vw, 672px\" \/>\t\t\t\t\t\t\t\t\t\t\t\t\t\t\t<\/div>\n\t\t\t\t<\/div>\n\t\t\t\t<\/div>\n\t\t<div class=\"elementor-element elementor-element-7edcfab e-con-full e-flex e-con e-child\" data-id=\"7edcfab\" data-element_type=\"container\">\n\t\t\t\t<div class=\"elementor-element elementor-element-31b3ecd elementor-invisible elementor-widget elementor-widget-image\" data-id=\"31b3ecd\" data-element_type=\"widget\" data-settings=\"{&quot;_animation&quot;:&quot;fadeInUp&quot;,&quot;_animation_delay&quot;:600}\" data-widget_type=\"image.default\">\n\t\t\t\t<div class=\"elementor-widget-container\">\n\t\t\t\t\t\t\t\t\t\t\t\t\t\t\t<img loading=\"lazy\" decoding=\"async\" width=\"160\" height=\"125\" src=\"https:\/\/malakodesign.hr\/wp-content\/uploads\/2024\/09\/DG-interijeri.svg\" class=\"attachment-full size-full wp-image-692\" alt=\"\" \/>\t\t\t\t\t\t\t\t\t\t\t\t\t\t\t<\/div>\n\t\t\t\t<\/div>\n\t\t\t\t<div class=\"elementor-element elementor-element-9f5c591 elementor-invisible elementor-widget elementor-widget-image\" data-id=\"9f5c591\" data-element_type=\"widget\" data-settings=\"{&quot;_animation&quot;:&quot;fadeInUp&quot;,&quot;_animation_delay&quot;:1200}\" data-widget_type=\"image.default\">\n\t\t\t\t<div class=\"elementor-widget-container\">\n\t\t\t\t\t\t\t\t\t\t\t\t\t\t\t<img loading=\"lazy\" decoding=\"async\" width=\"248\" height=\"110\" src=\"https:\/\/malakodesign.hr\/wp-content\/uploads\/2024\/09\/Green-Line-logo.svg\" class=\"attachment-full size-full wp-image-694\" alt=\"\" \/>\t\t\t\t\t\t\t\t\t\t\t\t\t\t\t<\/div>\n\t\t\t\t<\/div>\n\t\t\t\t<div class=\"elementor-element elementor-element-a29de88 elementor-invisible elementor-widget elementor-widget-image\" data-id=\"a29de88\" data-element_type=\"widget\" data-settings=\"{&quot;_animation&quot;:&quot;fadeInUp&quot;,&quot;_animation_delay&quot;:1200}\" data-widget_type=\"image.default\">\n\t\t\t\t<div class=\"elementor-widget-container\">\n\t\t\t\t\t\t\t\t\t\t\t\t\t\t\t<img loading=\"lazy\" decoding=\"async\" width=\"146\" height=\"160\" src=\"https:\/\/malakodesign.hr\/wp-content\/uploads\/2024\/09\/ILLE_logo-01-1.png\" class=\"attachment-full size-full wp-image-718\" alt=\"\" \/>\t\t\t\t\t\t\t\t\t\t\t\t\t\t\t<\/div>\n\t\t\t\t<\/div>\n\t\t\t\t<div class=\"elementor-element elementor-element-c468dfe elementor-invisible elementor-widget elementor-widget-image\" data-id=\"c468dfe\" data-element_type=\"widget\" data-settings=\"{&quot;_animation&quot;:&quot;fadeInUp&quot;}\" data-widget_type=\"image.default\">\n\t\t\t\t<div class=\"elementor-widget-container\">\n\t\t\t\t\t\t\t\t\t\t\t\t\t\t\t<img loading=\"lazy\" decoding=\"async\" width=\"450\" height=\"109\" src=\"https:\/\/malakodesign.hr\/wp-content\/uploads\/2025\/02\/AXOR-Logo_Gold_R167_G138_B105.png\" class=\"attachment-full size-full wp-image-800\" alt=\"\" srcset=\"https:\/\/malakodesign.hr\/wp-content\/uploads\/2025\/02\/AXOR-Logo_Gold_R167_G138_B105.png 450w, https:\/\/malakodesign.hr\/wp-content\/uploads\/2025\/02\/AXOR-Logo_Gold_R167_G138_B105-300x73.png 300w\" sizes=\"(max-width: 450px) 100vw, 450px\" \/>\t\t\t\t\t\t\t\t\t\t\t\t\t\t\t<\/div>\n\t\t\t\t<\/div>\n\t\t\t\t<div class=\"elementor-element elementor-element-057567d elementor-invisible elementor-widget elementor-widget-image\" data-id=\"057567d\" data-element_type=\"widget\" data-settings=\"{&quot;_animation&quot;:&quot;fadeInUp&quot;}\" data-widget_type=\"image.default\">\n\t\t\t\t<div class=\"elementor-widget-container\">\n\t\t\t\t\t\t\t\t\t\t\t\t\t\t\t<img loading=\"lazy\" decoding=\"async\" width=\"296\" height=\"82\" src=\"https:\/\/malakodesign.hr\/wp-content\/uploads\/2025\/02\/LOG_TECE_RGB_Blue-01.png\" class=\"attachment-full size-full wp-image-802\" alt=\"\" \/>\t\t\t\t\t\t\t\t\t\t\t\t\t\t\t<\/div>\n\t\t\t\t<\/div>\n\t\t\t\t<\/div>\n\t\t\t\t\t<\/div>\n\t\t\t\t<\/div>\n\t\t<div class=\"elementor-element elementor-element-dc49fa9 e-flex e-con-boxed e-con e-parent\" data-id=\"dc49fa9\" data-element_type=\"container\">\n\t\t\t\t\t<div class=\"e-con-inner\">\n\t\t\t\t<div class=\"elementor-element elementor-element-075ea1d elementor-hidden-tablet elementor-hidden-mobile elementor-widget elementor-widget-image\" data-id=\"075ea1d\" data-element_type=\"widget\" data-widget_type=\"image.default\">\n\t\t\t\t<div class=\"elementor-widget-container\">\n\t\t\t\t\t\t\t\t\t\t\t\t\t\t\t<img loading=\"lazy\" decoding=\"async\" width=\"2560\" height=\"791\" src=\"https:\/\/malakodesign.hr\/wp-content\/uploads\/2025\/11\/malako-parneri-desktop.webp\" class=\"attachment-full size-full wp-image-914 has-transparency\" alt=\"\" srcset=\"https:\/\/malakodesign.hr\/wp-content\/uploads\/2025\/11\/malako-parneri-desktop.webp 2560w, https:\/\/malakodesign.hr\/wp-content\/uploads\/2025\/11\/malako-parneri-desktop-300x93.webp 300w, https:\/\/malakodesign.hr\/wp-content\/uploads\/2025\/11\/malako-parneri-desktop-1024x316.webp 1024w, https:\/\/malakodesign.hr\/wp-content\/uploads\/2025\/11\/malako-parneri-desktop-768x237.webp 768w, https:\/\/malakodesign.hr\/wp-content\/uploads\/2025\/11\/malako-parneri-desktop-1536x475.webp 1536w, https:\/\/malakodesign.hr\/wp-content\/uploads\/2025\/11\/malako-parneri-desktop-2048x633.webp 2048w\" sizes=\"(max-width: 2560px) 100vw, 2560px\" data-has-transparency=\"true\" data-dominant-color=\"3a3734\" style=\"--dominant-color: #3a3734\" \/>\t\t\t\t\t\t\t\t\t\t\t\t\t\t\t<\/div>\n\t\t\t\t<\/div>\n\t\t\t\t<div class=\"elementor-element elementor-element-7f68948 elementor-hidden-desktop elementor-widget elementor-widget-image\" data-id=\"7f68948\" data-element_type=\"widget\" data-widget_type=\"image.default\">\n\t\t\t\t<div class=\"elementor-widget-container\">\n\t\t\t\t\t\t\t\t\t\t\t\t\t\t\t<img loading=\"lazy\" decoding=\"async\" width=\"1922\" height=\"2560\" src=\"https:\/\/malakodesign.hr\/wp-content\/uploads\/2025\/11\/malako-partneri-mob.webp\" class=\"attachment-full size-full wp-image-899 has-transparency\" alt=\"\" srcset=\"https:\/\/malakodesign.hr\/wp-content\/uploads\/2025\/11\/malako-partneri-mob.webp 1922w, https:\/\/malakodesign.hr\/wp-content\/uploads\/2025\/11\/malako-partneri-mob-225x300.webp 225w, https:\/\/malakodesign.hr\/wp-content\/uploads\/2025\/11\/malako-partneri-mob-769x1024.webp 769w, https:\/\/malakodesign.hr\/wp-content\/uploads\/2025\/11\/malako-partneri-mob-768x1023.webp 768w, https:\/\/malakodesign.hr\/wp-content\/uploads\/2025\/11\/malako-partneri-mob-1153x1536.webp 1153w, https:\/\/malakodesign.hr\/wp-content\/uploads\/2025\/11\/malako-partneri-mob-1538x2048.webp 1538w\" sizes=\"(max-width: 1922px) 100vw, 1922px\" data-has-transparency=\"true\" data-dominant-color=\"3c3935\" style=\"--dominant-color: #3c3935\" \/>\t\t\t\t\t\t\t\t\t\t\t\t\t\t\t<\/div>\n\t\t\t\t<\/div>\n\t\t\t\t\t<\/div>\n\t\t\t\t<\/div>\n\t\t\t\t<\/div>\n\t\t","protected":false},"excerpt":{"rendered":"<p>Kako? Malako Projekti Katalog umivaonika U Malako Interior Designu dizajniranje interijera nije samo posao ve\u0107 ljubav prema stvaranju. U radu po\u0161tujemo Va\u0161e \u017eelje.Na\u0161om kreativno\u0161\u0107u stvaramo primarno \u017eivotno funkcionalan prostor koji odra\u017eava Va\u0161u osobnost, a estetski je privla\u010dan te prati najnovije dizajnerske trendove. Nudimo stru\u010dno vodstvo u odabiru materijala, namje\u0161taja i opreme s na\u0161im provjerenim partnerima. [&hellip;]<\/p>\n","protected":false},"author":1,"featured_media":0,"parent":0,"menu_order":0,"comment_status":"closed","ping_status":"closed","template":"elementor_header_footer","meta":{"footnotes":""},"class_list":["post-637","page","type-page","status-publish","hentry"],"_links":{"self":[{"href":"https:\/\/malakodesign.hr\/en\/wp-json\/wp\/v2\/pages\/637","targetHints":{"allow":["GET"]}}],"collection":[{"href":"https:\/\/malakodesign.hr\/en\/wp-json\/wp\/v2\/pages"}],"about":[{"href":"https:\/\/malakodesign.hr\/en\/wp-json\/wp\/v2\/types\/page"}],"author":[{"embeddable":true,"href":"https:\/\/malakodesign.hr\/en\/wp-json\/wp\/v2\/users\/1"}],"replies":[{"embeddable":true,"href":"https:\/\/malakodesign.hr\/en\/wp-json\/wp\/v2\/comments?post=637"}],"version-history":[{"count":18,"href":"https:\/\/malakodesign.hr\/en\/wp-json\/wp\/v2\/pages\/637\/revisions"}],"predecessor-version":[{"id":915,"href":"https:\/\/malakodesign.hr\/en\/wp-json\/wp\/v2\/pages\/637\/revisions\/915"}],"wp:attachment":[{"href":"https:\/\/malakodesign.hr\/en\/wp-json\/wp\/v2\/media?parent=637"}],"curies":[{"name":"wp","href":"https:\/\/api.w.org\/{rel}","templated":true}]}}